{"id":11516,"date":"2023-06-07T13:49:27","date_gmt":"2023-06-07T11:49:27","guid":{"rendered":"https:\/\/www.yellowscan.com\/?page_id=11516"},"modified":"2025-05-14T14:42:22","modified_gmt":"2025-05-14T12:42:22","slug":"lidar-platform-integrations","status":"publish","type":"page","link":"https:\/\/www.yellowscan.com\/es\/lidar-platform-integrations\/","title":{"rendered":"Integraci\u00f3n de plataformas LiDAR"},"content":{"rendered":"","protected":false},"excerpt":{"rendered":"","protected":false},"author":1,"featured_media":0,"parent":0,"menu_order":6,"comment_status":"closed","ping_status":"closed","template":"tpl-platform_integrations.php","meta":{"_acf_changed":false,"content-type":"","footnotes":""},"categories":[],"class_list":["post-11516","page","type-page","status-publish","hentry"],"acf":[],"yoast_head":"<!-- This site is optimized with the Yoast SEO plugin v27.3 - https:\/\/yoast.com\/product\/yoast-seo-wordpress\/ -->\n<title>Integraci\u00f3n LiDAR YellowScan para mapeo 3D con drones<\/title>\n<meta name=\"description\" content=\"Durante nuestros a\u00f1os de experiencia, hemos probado varias plataformas de drones. A continuaci\u00f3n encontrar\u00e1 una lista de veh\u00edculos a\u00e9reos no tripulados para volar de forma segura con su sistema YellowScan LiDAR.\" \/>\n<meta name=\"robots\" content=\"index, follow, max-snippet:-1, max-image-preview:large, max-video-preview:-1\" \/>\n<link rel=\"canonical\" href=\"https:\/\/www.yellowscan.com\/es\/lidar-platform-integrations\/\" \/>\n<meta property=\"og:locale\" content=\"es_ES\" \/>\n<meta property=\"og:type\" content=\"article\" \/>\n<meta property=\"og:title\" content=\"Integraci\u00f3n LiDAR YellowScan para mapeo 3D con drones\" \/>\n<meta property=\"og:description\" content=\"Durante nuestros a\u00f1os de experiencia, hemos probado varias plataformas de drones. A continuaci\u00f3n encontrar\u00e1 una lista de veh\u00edculos a\u00e9reos no tripulados para volar de forma segura con su sistema YellowScan LiDAR.\" \/>\n<meta property=\"og:url\" content=\"https:\/\/www.yellowscan.com\/es\/lidar-platform-integrations\/\" \/>\n<meta property=\"og:site_name\" content=\"YellowScan\" \/>\n<meta property=\"article:modified_time\" content=\"2025-05-14T12:42:22+00:00\" \/>\n<meta name=\"twitter:card\" content=\"summary_large_image\" \/>\n<script type=\"application\/ld+json\" class=\"yoast-schema-graph\">{\"@context\":\"https:\\\/\\\/schema.org\",\"@graph\":[{\"@type\":\"WebPage\",\"@id\":\"https:\\\/\\\/www.yellowscan.com\\\/es\\\/lidar-platform-integrations\\\/\",\"url\":\"https:\\\/\\\/www.yellowscan.com\\\/es\\\/lidar-platform-integrations\\\/\",\"name\":\"Integraci\u00f3n LiDAR YellowScan para mapeo 3D con drones\",\"isPartOf\":{\"@id\":\"https:\\\/\\\/www.yellowscan.com\\\/es\\\/#website\"},\"datePublished\":\"2023-06-07T11:49:27+00:00\",\"dateModified\":\"2025-05-14T12:42:22+00:00\",\"description\":\"Durante nuestros a\u00f1os de experiencia, hemos probado varias plataformas de drones. A continuaci\u00f3n encontrar\u00e1 una lista de veh\u00edculos a\u00e9reos no tripulados para volar de forma segura con su sistema YellowScan LiDAR.\",\"breadcrumb\":{\"@id\":\"https:\\\/\\\/www.yellowscan.com\\\/es\\\/lidar-platform-integrations\\\/#breadcrumb\"},\"inLanguage\":\"es\",\"potentialAction\":[{\"@type\":\"ReadAction\",\"target\":[\"https:\\\/\\\/www.yellowscan.com\\\/es\\\/lidar-platform-integrations\\\/\"]}]},{\"@type\":\"BreadcrumbList\",\"@id\":\"https:\\\/\\\/www.yellowscan.com\\\/es\\\/lidar-platform-integrations\\\/#breadcrumb\",\"itemListElement\":[{\"@type\":\"ListItem\",\"position\":1,\"name\":\"Home\",\"item\":\"https:\\\/\\\/www.yellowscan.com\\\/es\\\/\"},{\"@type\":\"ListItem\",\"position\":2,\"name\":\"Integraci\u00f3n de plataformas LiDAR\"}]},{\"@type\":\"WebSite\",\"@id\":\"https:\\\/\\\/www.yellowscan.com\\\/es\\\/#website\",\"url\":\"https:\\\/\\\/www.yellowscan.com\\\/es\\\/\",\"name\":\"YellowScan\",\"description\":\"Reliable UAV LiDAR systems for Drone 3D laser mapping\",\"potentialAction\":[{\"@type\":\"SearchAction\",\"target\":{\"@type\":\"EntryPoint\",\"urlTemplate\":\"https:\\\/\\\/www.yellowscan.com\\\/es\\\/?s={search_term_string}\"},\"query-input\":{\"@type\":\"PropertyValueSpecification\",\"valueRequired\":true,\"valueName\":\"search_term_string\"}}],\"inLanguage\":\"es\"}]}<\/script>\n<!-- \/ Yoast SEO plugin. -->","yoast_head_json":{"title":"Integraci\u00f3n LiDAR YellowScan para mapeo 3D con drones","description":"Durante nuestros a\u00f1os de experiencia, hemos probado varias plataformas de drones. A continuaci\u00f3n encontrar\u00e1 una lista de veh\u00edculos a\u00e9reos no tripulados para volar de forma segura con su sistema YellowScan LiDAR.","robots":{"index":"index","follow":"follow","max-snippet":"max-snippet:-1","max-image-preview":"max-image-preview:large","max-video-preview":"max-video-preview:-1"},"canonical":"https:\/\/www.yellowscan.com\/es\/lidar-platform-integrations\/","og_locale":"es_ES","og_type":"article","og_title":"Integraci\u00f3n LiDAR YellowScan para mapeo 3D con drones","og_description":"Durante nuestros a\u00f1os de experiencia, hemos probado varias plataformas de drones. A continuaci\u00f3n encontrar\u00e1 una lista de veh\u00edculos a\u00e9reos no tripulados para volar de forma segura con su sistema YellowScan LiDAR.","og_url":"https:\/\/www.yellowscan.com\/es\/lidar-platform-integrations\/","og_site_name":"YellowScan","article_modified_time":"2025-05-14T12:42:22+00:00","twitter_card":"summary_large_image","schema":{"@context":"https:\/\/schema.org","@graph":[{"@type":"WebPage","@id":"https:\/\/www.yellowscan.com\/es\/lidar-platform-integrations\/","url":"https:\/\/www.yellowscan.com\/es\/lidar-platform-integrations\/","name":"Integraci\u00f3n LiDAR YellowScan para mapeo 3D con drones","isPartOf":{"@id":"https:\/\/www.yellowscan.com\/es\/#website"},"datePublished":"2023-06-07T11:49:27+00:00","dateModified":"2025-05-14T12:42:22+00:00","description":"Durante nuestros a\u00f1os de experiencia, hemos probado varias plataformas de drones. A continuaci\u00f3n encontrar\u00e1 una lista de veh\u00edculos a\u00e9reos no tripulados para volar de forma segura con su sistema YellowScan LiDAR.","breadcrumb":{"@id":"https:\/\/www.yellowscan.com\/es\/lidar-platform-integrations\/#breadcrumb"},"inLanguage":"es","potentialAction":[{"@type":"ReadAction","target":["https:\/\/www.yellowscan.com\/es\/lidar-platform-integrations\/"]}]},{"@type":"BreadcrumbList","@id":"https:\/\/www.yellowscan.com\/es\/lidar-platform-integrations\/#breadcrumb","itemListElement":[{"@type":"ListItem","position":1,"name":"Home","item":"https:\/\/www.yellowscan.com\/es\/"},{"@type":"ListItem","position":2,"name":"Integraci\u00f3n de plataformas LiDAR"}]},{"@type":"WebSite","@id":"https:\/\/www.yellowscan.com\/es\/#website","url":"https:\/\/www.yellowscan.com\/es\/","name":"YellowScan","description":"Reliable UAV LiDAR systems for Drone 3D laser mapping","potentialAction":[{"@type":"SearchAction","target":{"@type":"EntryPoint","urlTemplate":"https:\/\/www.yellowscan.com\/es\/?s={search_term_string}"},"query-input":{"@type":"PropertyValueSpecification","valueRequired":true,"valueName":"search_term_string"}}],"inLanguage":"es"}]}},"_links":{"self":[{"href":"https:\/\/www.yellowscan.com\/es\/wp-json\/wp\/v2\/pages\/11516","targetHints":{"allow":["GET"]}}],"collection":[{"href":"https:\/\/www.yellowscan.com\/es\/wp-json\/wp\/v2\/pages"}],"about":[{"href":"https:\/\/www.yellowscan.com\/es\/wp-json\/wp\/v2\/types\/page"}],"author":[{"embeddable":true,"href":"https:\/\/www.yellowscan.com\/es\/wp-json\/wp\/v2\/users\/1"}],"replies":[{"embeddable":true,"href":"https:\/\/www.yellowscan.com\/es\/wp-json\/wp\/v2\/comments?post=11516"}],"version-history":[{"count":2,"href":"https:\/\/www.yellowscan.com\/es\/wp-json\/wp\/v2\/pages\/11516\/revisions"}],"predecessor-version":[{"id":15599,"href":"https:\/\/www.yellowscan.com\/es\/wp-json\/wp\/v2\/pages\/11516\/revisions\/15599"}],"wp:attachment":[{"href":"https:\/\/www.yellowscan.com\/es\/wp-json\/wp\/v2\/media?parent=11516"}],"wp:term":[{"taxonomy":"category","embeddable":true,"href":"https:\/\/www.yellowscan.com\/es\/wp-json\/wp\/v2\/categories?post=11516"}],"curies":[{"name":"wp","href":"https:\/\/api.w.org\/{rel}","templated":true}]}}