{"id":9293,"date":"2022-05-12T12:35:51","date_gmt":"2022-05-12T10:35:51","guid":{"rendered":"https:\/\/www.yellowscan.com\/carreras-profesionales\/"},"modified":"2025-05-14T14:43:54","modified_gmt":"2025-05-14T12:43:54","slug":"career","status":"publish","type":"page","link":"https:\/\/www.yellowscan.com\/es\/career\/","title":{"rendered":"Carreras profesionales"},"content":{"rendered":"","protected":false},"excerpt":{"rendered":"","protected":false},"author":1,"featured_media":27693,"parent":0,"menu_order":19,"comment_status":"closed","ping_status":"closed","template":"","meta":{"_acf_changed":false,"content-type":"","footnotes":""},"categories":[86],"class_list":["post-9293","page","type-page","status-publish","has-post-thumbnail","hentry","category-about"],"acf":[],"yoast_head":"<!-- This site is optimized with the Yoast SEO plugin v27.6 - https:\/\/yoast.com\/product\/yoast-seo-wordpress\/ -->\n<title>Carreras en LiDAR 3D con drones | YellowScan<\/title>\n<meta name=\"description\" content=\"\u00a1Estamos contratando! \u00a1Eche un vistazo a las ofertas de trabajo actuales en Yellowscan y \u00fanase al equipo! YellowScan es una empresa a nivel mundial de alta tecnolog\u00eda de r\u00e1pido crecimiento.\" \/>\n<meta name=\"robots\" content=\"index, follow, max-snippet:-1, max-image-preview:large, max-video-preview:-1\" \/>\n<link rel=\"canonical\" href=\"https:\/\/www.yellowscan.com\/es\/career\/\" \/>\n<meta property=\"og:locale\" content=\"es_ES\" \/>\n<meta property=\"og:type\" content=\"article\" \/>\n<meta property=\"og:title\" content=\"Carreras en LiDAR 3D con drones | YellowScan\" \/>\n<meta property=\"og:description\" content=\"\u00a1Estamos contratando! \u00a1Eche un vistazo a las ofertas de trabajo actuales en Yellowscan y \u00fanase al equipo! YellowScan es una empresa a nivel mundial de alta tecnolog\u00eda de r\u00e1pido crecimiento.\" \/>\n<meta property=\"og:url\" content=\"https:\/\/www.yellowscan.com\/es\/career\/\" \/>\n<meta property=\"og:site_name\" content=\"YellowScan\" \/>\n<meta property=\"article:modified_time\" content=\"2025-05-14T12:43:54+00:00\" \/>\n<meta property=\"og:image\" content=\"https:\/\/www.yellowscan.com\/wp-content\/uploads\/2022\/11\/ys_website_thumbnail_career.jpg\" \/>\n\t<meta property=\"og:image:width\" content=\"690\" \/>\n\t<meta property=\"og:image:height\" content=\"540\" \/>\n\t<meta property=\"og:image:type\" content=\"image\/jpeg\" \/>\n<meta name=\"twitter:card\" content=\"summary_large_image\" \/>\n<meta name=\"twitter:label1\" content=\"Tiempo de lectura\" \/>\n\t<meta name=\"twitter:data1\" content=\"1 minuto\" \/>\n<script type=\"application\/ld+json\" class=\"yoast-schema-graph\">{\"@context\":\"https:\\\/\\\/schema.org\",\"@graph\":[{\"@type\":\"WebPage\",\"@id\":\"https:\\\/\\\/www.yellowscan.com\\\/es\\\/career\\\/\",\"url\":\"https:\\\/\\\/www.yellowscan.com\\\/es\\\/career\\\/\",\"name\":\"Carreras en LiDAR 3D con drones | YellowScan\",\"isPartOf\":{\"@id\":\"https:\\\/\\\/www.yellowscan.com\\\/es\\\/#website\"},\"primaryImageOfPage\":{\"@id\":\"https:\\\/\\\/www.yellowscan.com\\\/es\\\/career\\\/#primaryimage\"},\"image\":{\"@id\":\"https:\\\/\\\/www.yellowscan.com\\\/es\\\/career\\\/#primaryimage\"},\"thumbnailUrl\":\"https:\\\/\\\/www.yellowscan.com\\\/wp-content\\\/uploads\\\/2026\\\/04\\\/ys_website_banner_thumbnail_career_2026.jpg\",\"datePublished\":\"2022-05-12T10:35:51+00:00\",\"dateModified\":\"2025-05-14T12:43:54+00:00\",\"description\":\"\u00a1Estamos contratando! \u00a1Eche un vistazo a las ofertas de trabajo actuales en Yellowscan y \u00fanase al equipo! YellowScan es una empresa a nivel mundial de alta tecnolog\u00eda de r\u00e1pido crecimiento.\",\"breadcrumb\":{\"@id\":\"https:\\\/\\\/www.yellowscan.com\\\/es\\\/career\\\/#breadcrumb\"},\"inLanguage\":\"es\",\"potentialAction\":[{\"@type\":\"ReadAction\",\"target\":[\"https:\\\/\\\/www.yellowscan.com\\\/es\\\/career\\\/\"]}]},{\"@type\":\"ImageObject\",\"inLanguage\":\"es\",\"@id\":\"https:\\\/\\\/www.yellowscan.com\\\/es\\\/career\\\/#primaryimage\",\"url\":\"https:\\\/\\\/www.yellowscan.com\\\/wp-content\\\/uploads\\\/2026\\\/04\\\/ys_website_banner_thumbnail_career_2026.jpg\",\"contentUrl\":\"https:\\\/\\\/www.yellowscan.com\\\/wp-content\\\/uploads\\\/2026\\\/04\\\/ys_website_banner_thumbnail_career_2026.jpg\",\"width\":690,\"height\":540},{\"@type\":\"BreadcrumbList\",\"@id\":\"https:\\\/\\\/www.yellowscan.com\\\/es\\\/career\\\/#breadcrumb\",\"itemListElement\":[{\"@type\":\"ListItem\",\"position\":1,\"name\":\"Home\",\"item\":\"https:\\\/\\\/www.yellowscan.com\\\/es\\\/\"},{\"@type\":\"ListItem\",\"position\":2,\"name\":\"Carreras profesionales\"}]},{\"@type\":\"WebSite\",\"@id\":\"https:\\\/\\\/www.yellowscan.com\\\/es\\\/#website\",\"url\":\"https:\\\/\\\/www.yellowscan.com\\\/es\\\/\",\"name\":\"YellowScan\",\"description\":\"Reliable UAV LiDAR systems for Drone 3D laser mapping\",\"potentialAction\":[{\"@type\":\"SearchAction\",\"target\":{\"@type\":\"EntryPoint\",\"urlTemplate\":\"https:\\\/\\\/www.yellowscan.com\\\/es\\\/?s={search_term_string}\"},\"query-input\":{\"@type\":\"PropertyValueSpecification\",\"valueRequired\":true,\"valueName\":\"search_term_string\"}}],\"inLanguage\":\"es\"}]}<\/script>\n<!-- \/ Yoast SEO plugin. -->","yoast_head_json":{"title":"Carreras en LiDAR 3D con drones | YellowScan","description":"\u00a1Estamos contratando! \u00a1Eche un vistazo a las ofertas de trabajo actuales en Yellowscan y \u00fanase al equipo! YellowScan es una empresa a nivel mundial de alta tecnolog\u00eda de r\u00e1pido crecimiento.","robots":{"index":"index","follow":"follow","max-snippet":"max-snippet:-1","max-image-preview":"max-image-preview:large","max-video-preview":"max-video-preview:-1"},"canonical":"https:\/\/www.yellowscan.com\/es\/career\/","og_locale":"es_ES","og_type":"article","og_title":"Carreras en LiDAR 3D con drones | YellowScan","og_description":"\u00a1Estamos contratando! \u00a1Eche un vistazo a las ofertas de trabajo actuales en Yellowscan y \u00fanase al equipo! YellowScan es una empresa a nivel mundial de alta tecnolog\u00eda de r\u00e1pido crecimiento.","og_url":"https:\/\/www.yellowscan.com\/es\/career\/","og_site_name":"YellowScan","article_modified_time":"2025-05-14T12:43:54+00:00","og_image":[{"width":690,"height":540,"url":"https:\/\/www.yellowscan.com\/wp-content\/uploads\/2022\/11\/ys_website_thumbnail_career.jpg","type":"image\/jpeg"}],"twitter_card":"summary_large_image","twitter_misc":{"Tiempo de lectura":"1 minuto"},"schema":{"@context":"https:\/\/schema.org","@graph":[{"@type":"WebPage","@id":"https:\/\/www.yellowscan.com\/es\/career\/","url":"https:\/\/www.yellowscan.com\/es\/career\/","name":"Carreras en LiDAR 3D con drones | YellowScan","isPartOf":{"@id":"https:\/\/www.yellowscan.com\/es\/#website"},"primaryImageOfPage":{"@id":"https:\/\/www.yellowscan.com\/es\/career\/#primaryimage"},"image":{"@id":"https:\/\/www.yellowscan.com\/es\/career\/#primaryimage"},"thumbnailUrl":"https:\/\/www.yellowscan.com\/wp-content\/uploads\/2026\/04\/ys_website_banner_thumbnail_career_2026.jpg","datePublished":"2022-05-12T10:35:51+00:00","dateModified":"2025-05-14T12:43:54+00:00","description":"\u00a1Estamos contratando! \u00a1Eche un vistazo a las ofertas de trabajo actuales en Yellowscan y \u00fanase al equipo! YellowScan es una empresa a nivel mundial de alta tecnolog\u00eda de r\u00e1pido crecimiento.","breadcrumb":{"@id":"https:\/\/www.yellowscan.com\/es\/career\/#breadcrumb"},"inLanguage":"es","potentialAction":[{"@type":"ReadAction","target":["https:\/\/www.yellowscan.com\/es\/career\/"]}]},{"@type":"ImageObject","inLanguage":"es","@id":"https:\/\/www.yellowscan.com\/es\/career\/#primaryimage","url":"https:\/\/www.yellowscan.com\/wp-content\/uploads\/2026\/04\/ys_website_banner_thumbnail_career_2026.jpg","contentUrl":"https:\/\/www.yellowscan.com\/wp-content\/uploads\/2026\/04\/ys_website_banner_thumbnail_career_2026.jpg","width":690,"height":540},{"@type":"BreadcrumbList","@id":"https:\/\/www.yellowscan.com\/es\/career\/#breadcrumb","itemListElement":[{"@type":"ListItem","position":1,"name":"Home","item":"https:\/\/www.yellowscan.com\/es\/"},{"@type":"ListItem","position":2,"name":"Carreras profesionales"}]},{"@type":"WebSite","@id":"https:\/\/www.yellowscan.com\/es\/#website","url":"https:\/\/www.yellowscan.com\/es\/","name":"YellowScan","description":"Reliable UAV LiDAR systems for Drone 3D laser mapping","potentialAction":[{"@type":"SearchAction","target":{"@type":"EntryPoint","urlTemplate":"https:\/\/www.yellowscan.com\/es\/?s={search_term_string}"},"query-input":{"@type":"PropertyValueSpecification","valueRequired":true,"valueName":"search_term_string"}}],"inLanguage":"es"}]}},"_links":{"self":[{"href":"https:\/\/www.yellowscan.com\/es\/wp-json\/wp\/v2\/pages\/9293","targetHints":{"allow":["GET"]}}],"collection":[{"href":"https:\/\/www.yellowscan.com\/es\/wp-json\/wp\/v2\/pages"}],"about":[{"href":"https:\/\/www.yellowscan.com\/es\/wp-json\/wp\/v2\/types\/page"}],"author":[{"embeddable":true,"href":"https:\/\/www.yellowscan.com\/es\/wp-json\/wp\/v2\/users\/1"}],"replies":[{"embeddable":true,"href":"https:\/\/www.yellowscan.com\/es\/wp-json\/wp\/v2\/comments?post=9293"}],"version-history":[{"count":2,"href":"https:\/\/www.yellowscan.com\/es\/wp-json\/wp\/v2\/pages\/9293\/revisions"}],"predecessor-version":[{"id":10748,"href":"https:\/\/www.yellowscan.com\/es\/wp-json\/wp\/v2\/pages\/9293\/revisions\/10748"}],"wp:featuredmedia":[{"embeddable":true,"href":"https:\/\/www.yellowscan.com\/es\/wp-json\/wp\/v2\/media\/27693"}],"wp:attachment":[{"href":"https:\/\/www.yellowscan.com\/es\/wp-json\/wp\/v2\/media?parent=9293"}],"wp:term":[{"taxonomy":"category","embeddable":true,"href":"https:\/\/www.yellowscan.com\/es\/wp-json\/wp\/v2\/categories?post=9293"}],"curies":[{"name":"wp","href":"https:\/\/api.w.org\/{rel}","templated":true}]}}