{"id":9297,"date":"2022-05-12T09:27:34","date_gmt":"2022-05-12T07:27:34","guid":{"rendered":"https:\/\/www.yellowscan.com\/inicio\/"},"modified":"2026-02-16T16:24:08","modified_gmt":"2026-02-16T15:24:08","slug":"home","status":"publish","type":"page","link":"https:\/\/www.yellowscan.com\/es\/","title":{"rendered":"Inicio"},"content":{"rendered":"","protected":false},"excerpt":{"rendered":"","protected":false},"author":1,"featured_media":0,"parent":0,"menu_order":3,"comment_status":"closed","ping_status":"closed","template":"tpl-home.php","meta":{"_acf_changed":false,"content-type":"","footnotes":""},"categories":[],"class_list":["post-9297","page","type-page","status-publish","hentry"],"acf":[],"yoast_head":"<!-- This site is optimized with the Yoast SEO plugin v27.5 - https:\/\/yoast.com\/product\/yoast-seo-wordpress\/ -->\n<title>Sistemas LiDAR UAV para cartograf\u00eda l\u00e1ser 3D con drones | YellowScan<\/title>\n<meta name=\"description\" content=\"Dise\u00f1amos, fabricamos y vendemos sistemas LiDAR UAV fiables. Cree nubes de puntos cartogr\u00e1ficos en 3D con LiDAR UAV totalmente integrado y autoalimentado.\" \/>\n<meta name=\"robots\" content=\"index, follow, max-snippet:-1, max-image-preview:large, max-video-preview:-1\" \/>\n<link rel=\"canonical\" href=\"https:\/\/www.yellowscan.com\/es\/\" \/>\n<meta property=\"og:locale\" content=\"es_ES\" \/>\n<meta property=\"og:type\" content=\"article\" \/>\n<meta property=\"og:title\" content=\"Sistemas LiDAR UAV para cartograf\u00eda l\u00e1ser 3D con drones | YellowScan\" \/>\n<meta property=\"og:description\" content=\"Dise\u00f1amos, fabricamos y vendemos sistemas LiDAR UAV fiables. Cree nubes de puntos cartogr\u00e1ficos en 3D con LiDAR UAV totalmente integrado y autoalimentado.\" \/>\n<meta property=\"og:url\" content=\"https:\/\/www.yellowscan.com\/es\/\" \/>\n<meta property=\"og:site_name\" content=\"YellowScan\" \/>\n<meta property=\"article:modified_time\" content=\"2026-02-16T15:24:08+00:00\" \/>\n<meta name=\"twitter:card\" content=\"summary_large_image\" \/>\n<meta name=\"twitter:description\" content=\"-2806\" \/>\n<script type=\"application\/ld+json\" class=\"yoast-schema-graph\">{\"@context\":\"https:\\\/\\\/schema.org\",\"@graph\":[{\"@type\":\"WebPage\",\"@id\":\"https:\\\/\\\/www.yellowscan.com\\\/es\\\/\",\"url\":\"https:\\\/\\\/www.yellowscan.com\\\/es\\\/\",\"name\":\"Sistemas LiDAR UAV para cartograf\u00eda l\u00e1ser 3D con drones | YellowScan\",\"isPartOf\":{\"@id\":\"https:\\\/\\\/www.yellowscan.com\\\/es\\\/#website\"},\"datePublished\":\"2022-05-12T07:27:34+00:00\",\"dateModified\":\"2026-02-16T15:24:08+00:00\",\"description\":\"Dise\u00f1amos, fabricamos y vendemos sistemas LiDAR UAV fiables. Cree nubes de puntos cartogr\u00e1ficos en 3D con LiDAR UAV totalmente integrado y autoalimentado.\",\"breadcrumb\":{\"@id\":\"https:\\\/\\\/www.yellowscan.com\\\/es\\\/#breadcrumb\"},\"inLanguage\":\"es\",\"potentialAction\":[{\"@type\":\"ReadAction\",\"target\":[\"https:\\\/\\\/www.yellowscan.com\\\/es\\\/\"]}]},{\"@type\":\"BreadcrumbList\",\"@id\":\"https:\\\/\\\/www.yellowscan.com\\\/es\\\/#breadcrumb\",\"itemListElement\":[{\"@type\":\"ListItem\",\"position\":1,\"name\":\"Home\",\"item\":\"https:\\\/\\\/www.yellowscan.com\\\/es\\\/\"},{\"@type\":\"ListItem\",\"position\":2,\"name\":\"Inicio\"}]},{\"@type\":\"WebSite\",\"@id\":\"https:\\\/\\\/www.yellowscan.com\\\/es\\\/#website\",\"url\":\"https:\\\/\\\/www.yellowscan.com\\\/es\\\/\",\"name\":\"YellowScan\",\"description\":\"Reliable UAV LiDAR systems for Drone 3D laser mapping\",\"potentialAction\":[{\"@type\":\"SearchAction\",\"target\":{\"@type\":\"EntryPoint\",\"urlTemplate\":\"https:\\\/\\\/www.yellowscan.com\\\/es\\\/?s={search_term_string}\"},\"query-input\":{\"@type\":\"PropertyValueSpecification\",\"valueRequired\":true,\"valueName\":\"search_term_string\"}}],\"inLanguage\":\"es\"}]}<\/script>\n<!-- \/ Yoast SEO plugin. -->","yoast_head_json":{"title":"Sistemas LiDAR UAV para cartograf\u00eda l\u00e1ser 3D con drones | YellowScan","description":"Dise\u00f1amos, fabricamos y vendemos sistemas LiDAR UAV fiables. Cree nubes de puntos cartogr\u00e1ficos en 3D con LiDAR UAV totalmente integrado y autoalimentado.","robots":{"index":"index","follow":"follow","max-snippet":"max-snippet:-1","max-image-preview":"max-image-preview:large","max-video-preview":"max-video-preview:-1"},"canonical":"https:\/\/www.yellowscan.com\/es\/","og_locale":"es_ES","og_type":"article","og_title":"Sistemas LiDAR UAV para cartograf\u00eda l\u00e1ser 3D con drones | YellowScan","og_description":"Dise\u00f1amos, fabricamos y vendemos sistemas LiDAR UAV fiables. Cree nubes de puntos cartogr\u00e1ficos en 3D con LiDAR UAV totalmente integrado y autoalimentado.","og_url":"https:\/\/www.yellowscan.com\/es\/","og_site_name":"YellowScan","article_modified_time":"2026-02-16T15:24:08+00:00","twitter_card":"summary_large_image","twitter_description":"-2806","schema":{"@context":"https:\/\/schema.org","@graph":[{"@type":"WebPage","@id":"https:\/\/www.yellowscan.com\/es\/","url":"https:\/\/www.yellowscan.com\/es\/","name":"Sistemas LiDAR UAV para cartograf\u00eda l\u00e1ser 3D con drones | YellowScan","isPartOf":{"@id":"https:\/\/www.yellowscan.com\/es\/#website"},"datePublished":"2022-05-12T07:27:34+00:00","dateModified":"2026-02-16T15:24:08+00:00","description":"Dise\u00f1amos, fabricamos y vendemos sistemas LiDAR UAV fiables. Cree nubes de puntos cartogr\u00e1ficos en 3D con LiDAR UAV totalmente integrado y autoalimentado.","breadcrumb":{"@id":"https:\/\/www.yellowscan.com\/es\/#breadcrumb"},"inLanguage":"es","potentialAction":[{"@type":"ReadAction","target":["https:\/\/www.yellowscan.com\/es\/"]}]},{"@type":"BreadcrumbList","@id":"https:\/\/www.yellowscan.com\/es\/#breadcrumb","itemListElement":[{"@type":"ListItem","position":1,"name":"Home","item":"https:\/\/www.yellowscan.com\/es\/"},{"@type":"ListItem","position":2,"name":"Inicio"}]},{"@type":"WebSite","@id":"https:\/\/www.yellowscan.com\/es\/#website","url":"https:\/\/www.yellowscan.com\/es\/","name":"YellowScan","description":"Reliable UAV LiDAR systems for Drone 3D laser mapping","potentialAction":[{"@type":"SearchAction","target":{"@type":"EntryPoint","urlTemplate":"https:\/\/www.yellowscan.com\/es\/?s={search_term_string}"},"query-input":{"@type":"PropertyValueSpecification","valueRequired":true,"valueName":"search_term_string"}}],"inLanguage":"es"}]}},"_links":{"self":[{"href":"https:\/\/www.yellowscan.com\/es\/wp-json\/wp\/v2\/pages\/9297","targetHints":{"allow":["GET"]}}],"collection":[{"href":"https:\/\/www.yellowscan.com\/es\/wp-json\/wp\/v2\/pages"}],"about":[{"href":"https:\/\/www.yellowscan.com\/es\/wp-json\/wp\/v2\/types\/page"}],"author":[{"embeddable":true,"href":"https:\/\/www.yellowscan.com\/es\/wp-json\/wp\/v2\/users\/1"}],"replies":[{"embeddable":true,"href":"https:\/\/www.yellowscan.com\/es\/wp-json\/wp\/v2\/comments?post=9297"}],"version-history":[{"count":16,"href":"https:\/\/www.yellowscan.com\/es\/wp-json\/wp\/v2\/pages\/9297\/revisions"}],"predecessor-version":[{"id":26307,"href":"https:\/\/www.yellowscan.com\/es\/wp-json\/wp\/v2\/pages\/9297\/revisions\/26307"}],"wp:attachment":[{"href":"https:\/\/www.yellowscan.com\/es\/wp-json\/wp\/v2\/media?parent=9297"}],"wp:term":[{"taxonomy":"category","embeddable":true,"href":"https:\/\/www.yellowscan.com\/es\/wp-json\/wp\/v2\/categories?post=9297"}],"curies":[{"name":"wp","href":"https:\/\/api.w.org\/{rel}","templated":true}]}}