{"id":9298,"date":"2023-03-09T16:54:37","date_gmt":"2023-03-09T15:54:37","guid":{"rendered":"https:\/\/www.yellowscan.com\/menciones-legales\/"},"modified":"2026-03-11T12:13:37","modified_gmt":"2026-03-11T11:13:37","slug":"legal-mentions","status":"publish","type":"page","link":"https:\/\/www.yellowscan.com\/es\/legal-mentions\/","title":{"rendered":"Menciones legales"},"content":{"rendered":"\t\t<div data-elementor-type=\"wp-page\" data-elementor-id=\"9298\" class=\"elementor elementor-9298 elementor-6682\">\n\t\t\t\t\t\t<section class=\"elementor-section elementor-top-section elementor-element elementor-element-6ec7e48 elementor-section-boxed elementor-section-height-default elementor-section-height-default\" data-id=\"6ec7e48\" data-element_type=\"section\" data-e-type=\"section\">\n\t\t\t\t\t\t<div class=\"elementor-container elementor-column-gap-default\">\n\t\t\t\t\t<div class=\"elementor-column elementor-col-100 elementor-top-column elementor-element elementor-element-d901513\" data-id=\"d901513\" data-element_type=\"column\" data-e-type=\"column\">\n\t\t\t<div class=\"elementor-widget-wrap elementor-element-populated\">\n\t\t\t\t\t\t<div class=\"elementor-element elementor-element-5ab988d elementor-widget elementor-widget-text-editor\" data-id=\"5ab988d\" data-element_type=\"widget\" data-e-type=\"widget\" data-widget_type=\"text-editor.default\">\n\t\t\t\t<div class=\"elementor-widget-container\">\n\t\t\t\t\t\t\t\t\t<h1>Aviso legal del sitio web de YELLOWSCAN<\/h1><p>Este sitio web: <a href=\"https:\/\/www.yellowscan.com\/es\/\">https:\/\/www.yellowscan.com<\/a> (en adelante \u00abel Sitio\u00bb) lo crea la sociedad YELLOWSCAN, sociedad an\u00f3nima simplificada con un capital de 157.342,00 \u20ac, cuya sede se encuentra en 525 Avenue Saint Sauveur du Pin, 34980, SAINT CLEMENT DE RIVIERE, inscrita en el Registro Mercantil de Montpellier con el n\u00famero: 813 091 543, n\u00famero de IVA de la UE: FR24813091543, representado por su presidente, el Sr. Michel ASSENBAUM<\/p><ul><li>N\u00famero de tel\u00e9fono: +33 (0)4 11 93 14 00<\/li><li>Direcci\u00f3n de correo electr\u00f3nico: <a href=\"mailto:contact@yellowscan.com\">contact@yellowscan.com<\/a><\/li><\/ul><h3>Publicaci\u00f3n<\/h3><p>El director de la publicaci\u00f3n del Sitio es el Sr. Michel ASSENBAUM.<\/p><h3>Edici\u00f3n<\/h3><p>El editor del sitio web es YELLOWSCAN, cuya sede social se encuentra en 525 Avenue Saint Sauveur du Pin, 34980, SAINT CLEMENT DE RIVIERE, inscrita en el RCS de Montpellier con el n\u00famero: 813 091 543, n\u00famero de IVA de la UE: FR24813091543, representado por su presidente, el Sr. Michel ASSENBAUM.<\/p><ul><li>N\u00famero de tel\u00e9fono: +33 (0)4 11 93 14 00<\/li><li>Direcci\u00f3n de correo electr\u00f3nico: <a href=\"mailto:contact@yellowscan.com\">contact@yellowscan.com<\/a><\/li><\/ul><h3>Dise\u00f1o<\/h3><p>El dise\u00f1o del Sitio se encomend\u00f3 a:<\/p><p>David BEAUD &#8211; Dise\u00f1ador UI<\/p><ul><li>6 Chemin de Fousca\u00efs &#8211; 34800 BRIGNAC &#8211; FRANCIA<\/li><li>N\u00famero SIRET: 515 152 981 00053<\/li><li>N\u00famero de tel\u00e9fono: +33(0)7 60 34 83 83<\/li><li>Sitio web: <a href=\"https:\/\/www.davidbeaud.com\">https:\/\/www.davidbeaud.com<\/a><\/li><li>Direcci\u00f3n de correo electr\u00f3nico: <a href=\"mailto:design@davidbeaud.com\">design@davidbeaud.com<\/a><\/li><\/ul><h3>Desarrollo web<\/h3><p>La realizaci\u00f3n del Sitio se encomend\u00f3 a:<\/p><p>Alexis LAFONT &#8211; Desarrollador Full stack<\/p><ul><li>9 rue des \u00e9coliers &#8211; 97424 Piton Saint-Leu &#8211; FRANCIA<\/li><li>N\u00famero SIRET: 522 397 660 00021<\/li><li>N\u00famero de tel\u00e9fono: +262 692 70 98 56<\/li><li>Direcci\u00f3n de correo electr\u00f3nico: <a href=\"mailto:al.lafont@gmail.com\">al.lafont@gmail.com<\/a><\/li><\/ul><h3>Alojamiento<\/h3><p>La sede del Sitio es la sociedad OVH, una sociedad an\u00f3nima simplificada, con un capital de 10 174 560,00 euros, con domicilio social en 2 rue Kellermann, 59100 ROUBAIX, inscrita en el RCS de Lille M\u00e9tropole con el n\u00famero: 424 761 419, n\u00famero de IVA comunitario: FR22424761419, representada por su presidente, el Sr. Michel PAULIN.<\/p><ul><li>N\u00famero de tel\u00e9fono: 1007 (servicio al cliente)<\/li><li>Sitio web: <a href=\"https:\/\/www.ovhcloud.com\">https:\/\/www.ovhcloud.com<\/a><\/li><\/ul><div><h3 style=\"margin-top: 80px; font-family: var(--ff); color: #18181c;\">Cr\u00e9ditos fotogr\u00e1ficos<\/h3><p>Las fotos de este sitio provienen de diferentes fuentes, mencionadas en cada caso a continuaci\u00f3n:<\/p><p><b>Productos:<br \/><\/b><br \/>Hexadrone<\/p><p>Acecore<\/p><p>Anavia<\/p><p>L&#8217;Avion Jaune<\/p><p>Frontier Precision<\/p><p>MSDI &amp; Bali Drone Production<\/p><p>EverScan<\/p><p>Surveying Control Systems Ltda.<\/p><p>Sky Hely<\/p><p>Mirukuru<\/p><p>Quantum Systems<\/p><p>Velos Rotors Inc.<\/p><p>Hugo &amp; Clapas production<\/p><p>Artcam Production<\/p><p>David R.<\/p><p>Yuriy\u00a0 Bogdanov<\/p><p>David Alacaraz<\/p><p>Kalen Emsley<\/p><p>Nathan Anderson<\/p><p>Karsten Wurth<\/p><p>Maxence Remond<\/p><p><strong>Industrias:<br \/><\/strong><br \/>L&#8217;Avion Jaune<\/p><p>AGeo<\/p><p>UVM<\/p><p>EverScan<\/p><p>Acecore<\/p><p>MSDI &amp; Bali Drone Production<\/p><p>Centro de experiencia en drones<\/p><p>Ventus-Tech<\/p><p>Hugo &amp; Clapas production<\/p><p><span style=\"color: #18181c;\">Alex Kalinin<br \/><\/span><br style=\"color: #18181c;\" \/><span style=\"color: #18181c;\">Jaromir Kavan<br \/><\/span><br \/>Maxence Remond<\/p><p><strong>Clientes:<br \/><\/strong><br \/>CDGI<\/p><p>MSDI &amp; Bali Drone Production<\/p><p>Hugo &amp; Clapas production<\/p><p>Quantum Systems<\/p><p>Frontier Precision<\/p><p>Artcam Production<\/p><p><span style=\"color: #18181c;\">Chuttersnap<br \/><\/span><br style=\"color: #18181c;\" \/><span style=\"color: #18181c;\">Katie Moum<br \/><\/span><br style=\"color: #18181c;\" \/><span style=\"color: #18181c;\">Tom Fisk<br \/><\/span><\/p><p><strong style=\"color: #18181c;\">Eventos:<br \/><\/strong><br style=\"color: #18181c;\" \/><span style=\"color: #18181c;\">Benjamin Davies<br \/><\/span><br style=\"color: #18181c;\" \/><span style=\"color: #18181c;\">Kate Krivanec<br \/><\/span><br style=\"color: #18181c;\" \/><span style=\"color: #18181c;\">Swapnil Bapat<br \/><\/span><br style=\"color: #18181c;\" \/><span style=\"color: #18181c;\">Charles-Adrien Fournier<br \/><\/span><br style=\"color: #18181c;\" \/><span style=\"color: #18181c;\">Agust\u00edn D\u00edaz Gargiuloh<br \/><\/span><br style=\"color: #18181c;\" \/><span style=\"color: #18181c;\">Nolan Taft<br \/><\/span><br style=\"color: #18181c;\" \/><span style=\"color: #18181c;\">Maxence Remond<br \/><\/span><span style=\"color: #18181c;\"><br \/><\/span><\/p><\/div><h3>Contacte con nosotros<\/h3><p>Para cualquier pregunta, informaci\u00f3n sobre los productos presentados en el sitio, o relativa al propio sitio, puede dejar un mensaje en la siguiente direcci\u00f3n: <a href=\"mailto:contact@yellowscan.com\">contact@yellowscan.com<\/a> o en el siguiente n\u00famero de tel\u00e9fono: +33 (0)4 11 93 14 00<\/p>\t\t\t\t\t\t\t\t<\/div>\n\t\t\t\t<\/div>\n\t\t\t\t\t<\/div>\n\t\t<\/div>\n\t\t\t\t\t<\/div>\n\t\t<\/section>\n\t\t\t\t<\/div>\n\t\t","protected":false},"excerpt":{"rendered":"<p>Aviso legal del sitio web de YELLOWSCAN Este sitio web: https:\/\/www.yellowscan.com (en adelante \u00abel Sitio\u00bb) lo crea la sociedad YELLOWSCAN, sociedad an\u00f3nima simplificada con un capital de 157.342,00 \u20ac, cuya sede se encuentra en 525 Avenue Saint Sauveur du Pin, 34980, SAINT CLEMENT DE RIVIERE, inscrita en el Registro Mercantil de Montpellier con el n\u00famero: [&hellip;]<\/p>\n","protected":false},"author":1,"featured_media":0,"parent":0,"menu_order":57,"comment_status":"closed","ping_status":"closed","template":"tpl-policy.php","meta":{"_acf_changed":false,"content-type":"","footnotes":""},"categories":[],"class_list":["post-9298","page","type-page","status-publish","hentry"],"acf":[],"yoast_head":"<!-- This site is optimized with the Yoast SEO plugin v27.3 - https:\/\/yoast.com\/product\/yoast-seo-wordpress\/ -->\n<title>Menciones legales del sitio web de YellowScan<\/title>\n<meta name=\"robots\" content=\"index, follow, max-snippet:-1, max-image-preview:large, max-video-preview:-1\" \/>\n<link rel=\"canonical\" href=\"https:\/\/www.yellowscan.com\/es\/legal-mentions\/\" \/>\n<meta property=\"og:locale\" content=\"es_ES\" \/>\n<meta property=\"og:type\" content=\"article\" \/>\n<meta property=\"og:title\" content=\"Menciones legales del sitio web de YellowScan\" \/>\n<meta property=\"og:description\" content=\"Aviso legal del sitio web de YELLOWSCAN Este sitio web: https:\/\/www.yellowscan.com (en adelante \u00abel Sitio\u00bb) lo crea la sociedad YELLOWSCAN, sociedad an\u00f3nima simplificada con un capital de 157.342,00 \u20ac, cuya sede se encuentra en 525 Avenue Saint Sauveur du Pin, 34980, SAINT CLEMENT DE RIVIERE, inscrita en el Registro Mercantil de Montpellier con el n\u00famero: [&hellip;]\" \/>\n<meta property=\"og:url\" content=\"https:\/\/www.yellowscan.com\/es\/legal-mentions\/\" \/>\n<meta property=\"og:site_name\" content=\"YellowScan\" \/>\n<meta property=\"article:modified_time\" content=\"2026-03-11T11:13:37+00:00\" \/>\n<meta name=\"twitter:card\" content=\"summary_large_image\" \/>\n<meta name=\"twitter:label1\" content=\"Tiempo de lectura\" \/>\n\t<meta name=\"twitter:data1\" content=\"3 minuto\" \/>\n<script type=\"application\/ld+json\" class=\"yoast-schema-graph\">{\"@context\":\"https:\\\/\\\/schema.org\",\"@graph\":[{\"@type\":\"WebPage\",\"@id\":\"https:\\\/\\\/www.yellowscan.com\\\/es\\\/legal-mentions\\\/\",\"url\":\"https:\\\/\\\/www.yellowscan.com\\\/es\\\/legal-mentions\\\/\",\"name\":\"Menciones legales del sitio web de YellowScan\",\"isPartOf\":{\"@id\":\"https:\\\/\\\/www.yellowscan.com\\\/es\\\/#website\"},\"datePublished\":\"2023-03-09T15:54:37+00:00\",\"dateModified\":\"2026-03-11T11:13:37+00:00\",\"breadcrumb\":{\"@id\":\"https:\\\/\\\/www.yellowscan.com\\\/es\\\/legal-mentions\\\/#breadcrumb\"},\"inLanguage\":\"es\",\"potentialAction\":[{\"@type\":\"ReadAction\",\"target\":[\"https:\\\/\\\/www.yellowscan.com\\\/es\\\/legal-mentions\\\/\"]}]},{\"@type\":\"BreadcrumbList\",\"@id\":\"https:\\\/\\\/www.yellowscan.com\\\/es\\\/legal-mentions\\\/#breadcrumb\",\"itemListElement\":[{\"@type\":\"ListItem\",\"position\":1,\"name\":\"Home\",\"item\":\"https:\\\/\\\/www.yellowscan.com\\\/es\\\/\"},{\"@type\":\"ListItem\",\"position\":2,\"name\":\"Menciones legales\"}]},{\"@type\":\"WebSite\",\"@id\":\"https:\\\/\\\/www.yellowscan.com\\\/es\\\/#website\",\"url\":\"https:\\\/\\\/www.yellowscan.com\\\/es\\\/\",\"name\":\"YellowScan\",\"description\":\"Reliable UAV LiDAR systems for Drone 3D laser mapping\",\"potentialAction\":[{\"@type\":\"SearchAction\",\"target\":{\"@type\":\"EntryPoint\",\"urlTemplate\":\"https:\\\/\\\/www.yellowscan.com\\\/es\\\/?s={search_term_string}\"},\"query-input\":{\"@type\":\"PropertyValueSpecification\",\"valueRequired\":true,\"valueName\":\"search_term_string\"}}],\"inLanguage\":\"es\"}]}<\/script>\n<!-- \/ Yoast SEO plugin. -->","yoast_head_json":{"title":"Menciones legales del sitio web de YellowScan","robots":{"index":"index","follow":"follow","max-snippet":"max-snippet:-1","max-image-preview":"max-image-preview:large","max-video-preview":"max-video-preview:-1"},"canonical":"https:\/\/www.yellowscan.com\/es\/legal-mentions\/","og_locale":"es_ES","og_type":"article","og_title":"Menciones legales del sitio web de YellowScan","og_description":"Aviso legal del sitio web de YELLOWSCAN Este sitio web: https:\/\/www.yellowscan.com (en adelante \u00abel Sitio\u00bb) lo crea la sociedad YELLOWSCAN, sociedad an\u00f3nima simplificada con un capital de 157.342,00 \u20ac, cuya sede se encuentra en 525 Avenue Saint Sauveur du Pin, 34980, SAINT CLEMENT DE RIVIERE, inscrita en el Registro Mercantil de Montpellier con el n\u00famero: [&hellip;]","og_url":"https:\/\/www.yellowscan.com\/es\/legal-mentions\/","og_site_name":"YellowScan","article_modified_time":"2026-03-11T11:13:37+00:00","twitter_card":"summary_large_image","twitter_misc":{"Tiempo de lectura":"3 minuto"},"schema":{"@context":"https:\/\/schema.org","@graph":[{"@type":"WebPage","@id":"https:\/\/www.yellowscan.com\/es\/legal-mentions\/","url":"https:\/\/www.yellowscan.com\/es\/legal-mentions\/","name":"Menciones legales del sitio web de YellowScan","isPartOf":{"@id":"https:\/\/www.yellowscan.com\/es\/#website"},"datePublished":"2023-03-09T15:54:37+00:00","dateModified":"2026-03-11T11:13:37+00:00","breadcrumb":{"@id":"https:\/\/www.yellowscan.com\/es\/legal-mentions\/#breadcrumb"},"inLanguage":"es","potentialAction":[{"@type":"ReadAction","target":["https:\/\/www.yellowscan.com\/es\/legal-mentions\/"]}]},{"@type":"BreadcrumbList","@id":"https:\/\/www.yellowscan.com\/es\/legal-mentions\/#breadcrumb","itemListElement":[{"@type":"ListItem","position":1,"name":"Home","item":"https:\/\/www.yellowscan.com\/es\/"},{"@type":"ListItem","position":2,"name":"Menciones legales"}]},{"@type":"WebSite","@id":"https:\/\/www.yellowscan.com\/es\/#website","url":"https:\/\/www.yellowscan.com\/es\/","name":"YellowScan","description":"Reliable UAV LiDAR systems for Drone 3D laser mapping","potentialAction":[{"@type":"SearchAction","target":{"@type":"EntryPoint","urlTemplate":"https:\/\/www.yellowscan.com\/es\/?s={search_term_string}"},"query-input":{"@type":"PropertyValueSpecification","valueRequired":true,"valueName":"search_term_string"}}],"inLanguage":"es"}]}},"_links":{"self":[{"href":"https:\/\/www.yellowscan.com\/es\/wp-json\/wp\/v2\/pages\/9298","targetHints":{"allow":["GET"]}}],"collection":[{"href":"https:\/\/www.yellowscan.com\/es\/wp-json\/wp\/v2\/pages"}],"about":[{"href":"https:\/\/www.yellowscan.com\/es\/wp-json\/wp\/v2\/types\/page"}],"author":[{"embeddable":true,"href":"https:\/\/www.yellowscan.com\/es\/wp-json\/wp\/v2\/users\/1"}],"replies":[{"embeddable":true,"href":"https:\/\/www.yellowscan.com\/es\/wp-json\/wp\/v2\/comments?post=9298"}],"version-history":[{"count":8,"href":"https:\/\/www.yellowscan.com\/es\/wp-json\/wp\/v2\/pages\/9298\/revisions"}],"predecessor-version":[{"id":26514,"href":"https:\/\/www.yellowscan.com\/es\/wp-json\/wp\/v2\/pages\/9298\/revisions\/26514"}],"wp:attachment":[{"href":"https:\/\/www.yellowscan.com\/es\/wp-json\/wp\/v2\/media?parent=9298"}],"wp:term":[{"taxonomy":"category","embeddable":true,"href":"https:\/\/www.yellowscan.com\/es\/wp-json\/wp\/v2\/categories?post=9298"}],"curies":[{"name":"wp","href":"https:\/\/api.w.org\/{rel}","templated":true}]}}