{"id":9312,"date":"2022-05-05T15:31:07","date_gmt":"2022-05-05T13:31:07","guid":{"rendered":"https:\/\/www.yellowscan.com\/produits\/"},"modified":"2026-03-17T11:48:49","modified_gmt":"2026-03-17T10:48:49","slug":"products","status":"publish","type":"page","link":"https:\/\/www.yellowscan.com\/fr\/products\/","title":{"rendered":"Produits"},"content":{"rendered":"","protected":false},"excerpt":{"rendered":"","protected":false},"author":1,"featured_media":0,"parent":0,"menu_order":13,"comment_status":"closed","ping_status":"closed","template":"tpl-products.php","meta":{"_acf_changed":false,"content-type":"","footnotes":""},"categories":[],"class_list":["post-9312","page","type-page","status-publish","hentry"],"acf":[],"yoast_head":"<!-- This site is optimized with the Yoast SEO plugin v27.3 - https:\/\/yoast.com\/product\/yoast-seo-wordpress\/ -->\n<title>LiDAR pour drones : solutions de cartographie laser 3D<\/title>\n<meta name=\"description\" content=\"D\u00e9couvrez les syst\u00e8mes YellowScan UAV LiDAR pour les drones et les avions. Trouvez la solution UAV LiDAR qui r\u00e9pond aux besoins de vos futures missions.\" \/>\n<meta name=\"robots\" content=\"index, follow, max-snippet:-1, max-image-preview:large, max-video-preview:-1\" \/>\n<link rel=\"canonical\" href=\"https:\/\/www.yellowscan.com\/fr\/products\/\" \/>\n<meta property=\"og:locale\" content=\"fr_FR\" \/>\n<meta property=\"og:type\" content=\"article\" \/>\n<meta property=\"og:title\" content=\"LiDAR pour drones : solutions de cartographie laser 3D\" \/>\n<meta property=\"og:description\" content=\"D\u00e9couvrez les syst\u00e8mes YellowScan UAV LiDAR pour les drones et les avions. Trouvez la solution UAV LiDAR qui r\u00e9pond aux besoins de vos futures missions.\" \/>\n<meta property=\"og:url\" content=\"https:\/\/www.yellowscan.com\/fr\/products\/\" \/>\n<meta property=\"og:site_name\" content=\"YellowScan\" \/>\n<meta property=\"article:modified_time\" content=\"2026-03-17T10:48:49+00:00\" \/>\n<meta name=\"twitter:card\" content=\"summary_large_image\" \/>\n<script type=\"application\/ld+json\" class=\"yoast-schema-graph\">{\"@context\":\"https:\\\/\\\/schema.org\",\"@graph\":[{\"@type\":\"WebPage\",\"@id\":\"https:\\\/\\\/www.yellowscan.com\\\/fr\\\/products\\\/\",\"url\":\"https:\\\/\\\/www.yellowscan.com\\\/fr\\\/products\\\/\",\"name\":\"LiDAR pour drones : solutions de cartographie laser 3D\",\"isPartOf\":{\"@id\":\"https:\\\/\\\/www.yellowscan.com\\\/fr\\\/#website\"},\"datePublished\":\"2022-05-05T13:31:07+00:00\",\"dateModified\":\"2026-03-17T10:48:49+00:00\",\"description\":\"D\u00e9couvrez les syst\u00e8mes YellowScan UAV LiDAR pour les drones et les avions. Trouvez la solution UAV LiDAR qui r\u00e9pond aux besoins de vos futures missions.\",\"breadcrumb\":{\"@id\":\"https:\\\/\\\/www.yellowscan.com\\\/fr\\\/products\\\/#breadcrumb\"},\"inLanguage\":\"fr-FR\",\"potentialAction\":[{\"@type\":\"ReadAction\",\"target\":[\"https:\\\/\\\/www.yellowscan.com\\\/fr\\\/products\\\/\"]}]},{\"@type\":\"BreadcrumbList\",\"@id\":\"https:\\\/\\\/www.yellowscan.com\\\/fr\\\/products\\\/#breadcrumb\",\"itemListElement\":[{\"@type\":\"ListItem\",\"position\":1,\"name\":\"Home\",\"item\":\"https:\\\/\\\/www.yellowscan.com\\\/fr\\\/\"},{\"@type\":\"ListItem\",\"position\":2,\"name\":\"Produits\"}]},{\"@type\":\"WebSite\",\"@id\":\"https:\\\/\\\/www.yellowscan.com\\\/fr\\\/#website\",\"url\":\"https:\\\/\\\/www.yellowscan.com\\\/fr\\\/\",\"name\":\"YellowScan\",\"description\":\"Reliable UAV LiDAR systems for Drone 3D laser mapping\",\"potentialAction\":[{\"@type\":\"SearchAction\",\"target\":{\"@type\":\"EntryPoint\",\"urlTemplate\":\"https:\\\/\\\/www.yellowscan.com\\\/fr\\\/?s={search_term_string}\"},\"query-input\":{\"@type\":\"PropertyValueSpecification\",\"valueRequired\":true,\"valueName\":\"search_term_string\"}}],\"inLanguage\":\"fr-FR\"}]}<\/script>\n<!-- \/ Yoast SEO plugin. -->","yoast_head_json":{"title":"LiDAR pour drones : solutions de cartographie laser 3D","description":"D\u00e9couvrez les syst\u00e8mes YellowScan UAV LiDAR pour les drones et les avions. Trouvez la solution UAV LiDAR qui r\u00e9pond aux besoins de vos futures missions.","robots":{"index":"index","follow":"follow","max-snippet":"max-snippet:-1","max-image-preview":"max-image-preview:large","max-video-preview":"max-video-preview:-1"},"canonical":"https:\/\/www.yellowscan.com\/fr\/products\/","og_locale":"fr_FR","og_type":"article","og_title":"LiDAR pour drones : solutions de cartographie laser 3D","og_description":"D\u00e9couvrez les syst\u00e8mes YellowScan UAV LiDAR pour les drones et les avions. Trouvez la solution UAV LiDAR qui r\u00e9pond aux besoins de vos futures missions.","og_url":"https:\/\/www.yellowscan.com\/fr\/products\/","og_site_name":"YellowScan","article_modified_time":"2026-03-17T10:48:49+00:00","twitter_card":"summary_large_image","schema":{"@context":"https:\/\/schema.org","@graph":[{"@type":"WebPage","@id":"https:\/\/www.yellowscan.com\/fr\/products\/","url":"https:\/\/www.yellowscan.com\/fr\/products\/","name":"LiDAR pour drones : solutions de cartographie laser 3D","isPartOf":{"@id":"https:\/\/www.yellowscan.com\/fr\/#website"},"datePublished":"2022-05-05T13:31:07+00:00","dateModified":"2026-03-17T10:48:49+00:00","description":"D\u00e9couvrez les syst\u00e8mes YellowScan UAV LiDAR pour les drones et les avions. Trouvez la solution UAV LiDAR qui r\u00e9pond aux besoins de vos futures missions.","breadcrumb":{"@id":"https:\/\/www.yellowscan.com\/fr\/products\/#breadcrumb"},"inLanguage":"fr-FR","potentialAction":[{"@type":"ReadAction","target":["https:\/\/www.yellowscan.com\/fr\/products\/"]}]},{"@type":"BreadcrumbList","@id":"https:\/\/www.yellowscan.com\/fr\/products\/#breadcrumb","itemListElement":[{"@type":"ListItem","position":1,"name":"Home","item":"https:\/\/www.yellowscan.com\/fr\/"},{"@type":"ListItem","position":2,"name":"Produits"}]},{"@type":"WebSite","@id":"https:\/\/www.yellowscan.com\/fr\/#website","url":"https:\/\/www.yellowscan.com\/fr\/","name":"YellowScan","description":"Reliable UAV LiDAR systems for Drone 3D laser mapping","potentialAction":[{"@type":"SearchAction","target":{"@type":"EntryPoint","urlTemplate":"https:\/\/www.yellowscan.com\/fr\/?s={search_term_string}"},"query-input":{"@type":"PropertyValueSpecification","valueRequired":true,"valueName":"search_term_string"}}],"inLanguage":"fr-FR"}]}},"_links":{"self":[{"href":"https:\/\/www.yellowscan.com\/fr\/wp-json\/wp\/v2\/pages\/9312","targetHints":{"allow":["GET"]}}],"collection":[{"href":"https:\/\/www.yellowscan.com\/fr\/wp-json\/wp\/v2\/pages"}],"about":[{"href":"https:\/\/www.yellowscan.com\/fr\/wp-json\/wp\/v2\/types\/page"}],"author":[{"embeddable":true,"href":"https:\/\/www.yellowscan.com\/fr\/wp-json\/wp\/v2\/users\/1"}],"replies":[{"embeddable":true,"href":"https:\/\/www.yellowscan.com\/fr\/wp-json\/wp\/v2\/comments?post=9312"}],"version-history":[{"count":7,"href":"https:\/\/www.yellowscan.com\/fr\/wp-json\/wp\/v2\/pages\/9312\/revisions"}],"predecessor-version":[{"id":26604,"href":"https:\/\/www.yellowscan.com\/fr\/wp-json\/wp\/v2\/pages\/9312\/revisions\/26604"}],"wp:attachment":[{"href":"https:\/\/www.yellowscan.com\/fr\/wp-json\/wp\/v2\/media?parent=9312"}],"wp:term":[{"taxonomy":"category","embeddable":true,"href":"https:\/\/www.yellowscan.com\/fr\/wp-json\/wp\/v2\/categories?post=9312"}],"curies":[{"name":"wp","href":"https:\/\/api.w.org\/{rel}","templated":true}]}}