{"id":9319,"date":"2023-03-09T16:54:37","date_gmt":"2023-03-09T15:54:37","guid":{"rendered":"https:\/\/www.yellowscan.com\/mentions-legales\/"},"modified":"2026-03-11T12:14:59","modified_gmt":"2026-03-11T11:14:59","slug":"legal-mentions","status":"publish","type":"page","link":"https:\/\/www.yellowscan.com\/fr\/legal-mentions\/","title":{"rendered":"Mentions l\u00e9gales"},"content":{"rendered":"\t\t<div data-elementor-type=\"wp-page\" data-elementor-id=\"9319\" class=\"elementor elementor-9319 elementor-6682\">\n\t\t\t\t\t\t<section class=\"elementor-section elementor-top-section elementor-element elementor-element-6ec7e48 elementor-section-boxed elementor-section-height-default elementor-section-height-default\" data-id=\"6ec7e48\" data-element_type=\"section\" data-e-type=\"section\">\n\t\t\t\t\t\t<div class=\"elementor-container elementor-column-gap-default\">\n\t\t\t\t\t<div class=\"elementor-column elementor-col-100 elementor-top-column elementor-element elementor-element-d901513\" data-id=\"d901513\" data-element_type=\"column\" data-e-type=\"column\">\n\t\t\t<div class=\"elementor-widget-wrap elementor-element-populated\">\n\t\t\t\t\t\t<div class=\"elementor-element elementor-element-5ab988d elementor-widget elementor-widget-text-editor\" data-id=\"5ab988d\" data-element_type=\"widget\" data-e-type=\"widget\" data-widget_type=\"text-editor.default\">\n\t\t\t\t<div class=\"elementor-widget-container\">\n\t\t\t\t\t\t\t\t\t<h1>Mentions l\u00e9gales du site internet YELLOWSCAN<\/h1><p>Ce site internet\u00a0: <a href=\"https:\/\/www.yellowscan.com\/fr\/\">https:\/\/www.yellowscan.com<\/a> (ci-apr\u00e8s \u00ab\u00a0le Site\u00a0\u00bb) est produit par la soci\u00e9t\u00e9 YELLOWSCAN, soci\u00e9t\u00e9 par actions simplifi\u00e9e au capital de 157\u00a0342,00 euros, dont le si\u00e8ge social est situ\u00e9 525 Avenue Saint Sauveur du Pin, 34980, SAINT CL\u00c9MENT DE RIVI\u00c8RE, immatricul\u00e9e au Registre du Commerce et des Soci\u00e9t\u00e9s de Montpellier sous le num\u00e9ro\u00a0: 813\u00a0091\u00a0543, num\u00e9ro de TVA intracommunautaire\u00a0: FR24813091543, repr\u00e9sent\u00e9e par son pr\u00e9sident, M. Michel ASSENBAUM<\/p><ul><li>T\u00e9l\u00e9phone\u00a0: +33 (0) 4 11 93 14 00<\/li><li>Courriel\u00a0: <a href=\"mailto:contact@yellowscan.com\">contact@yellowscan.com<\/a><\/li><\/ul><h3>Publication<\/h3><p>Le directeur de la publication du Site est M. Michel ASSENBAUM.<\/p><h3>\u00c9dition<\/h3><p>Le r\u00e9dacteur en chef du site est la soci\u00e9t\u00e9 YELLOWSCAN, dont le si\u00e8ge social est situ\u00e9 525 Avenue Saint Sauveur du Pin, 34980, SAINT CL\u00c9MENT DE RIVI\u00c8RE, immatricul\u00e9e au RCS de Montpellier sous le num\u00e9ro\u00a0: 813\u00a0091\u00a0543, num\u00e9ro de TVA intracommunautaire\u00a0: FR24813091543, repr\u00e9sent\u00e9e par son pr\u00e9sident, M. Michel ASSENBAUM<\/p><ul><li>T\u00e9l\u00e9phone\u00a0: +33 (0) 4 11 93 14 00<\/li><li>Courriel\u00a0: <a href=\"mailto:contact@yellowscan.com\">contact@yellowscan.com<\/a><\/li><\/ul><h3>Conception<\/h3><p>La conception du Site a \u00e9t\u00e9 confi\u00e9e \u00e0\u00a0:<\/p><p>David BEAUD &#8211; UI Designer<\/p><ul><li>6 Chemin de Fousca\u00efs &#8211; 34800 BRIGNAC &#8211; FRANCE<\/li><li>SIRET\u00a0: 515\u00a0152\u00a0981\u00a000053<\/li><li>T\u00e9l\u00e9phone\u00a0: +33 (0) 7 60 34 83 83<\/li><li>Site Internet\u00a0: <a href=\"https:\/\/www.davidbeaud.com\">https:\/\/www.davidbeaud.com<\/a><\/li><li>Courriel\u00a0: <a href=\"mailto:design@davidbeaud.com\">design@davidbeaud.com<\/a><\/li><\/ul><h3>D\u00e9veloppement web<\/h3><p>La r\u00e9alisation du Site a \u00e9t\u00e9 confi\u00e9e \u00e0\u00a0:<\/p><p>Alexis LAFONT &#8211; D\u00e9veloppeur int\u00e9gral<\/p><ul><li>9 rue des \u00e9coliers &#8211; 97424 Piton Saint-Leu &#8211; FRANCE<\/li><li>SIRET\u00a0: 522\u00a0397\u00a0660\u00a000021<\/li><li>T\u00e9l\u00e9phone\u00a0: +262 692 70 98 56<\/li><li>Courriel\u00a0: <a href=\"mailto:al.lafont@gmail.com\">al.lafont@gmail.com<\/a><\/li><\/ul><h3>H\u00e9bergement<\/h3><p>L\u2019h\u00e9bergeur du Site est la soci\u00e9t\u00e9 OVH, soci\u00e9t\u00e9 par actions simplifi\u00e9e, au capital de 10\u00a0174\u00a0560,00 euros, dont le si\u00e8ge social est situ\u00e9 2 rue Kellermann, 59100 ROUBAIX, immatricul\u00e9e au RCS de Lille M\u00e9tropole sous le num\u00e9ro\u00a0: 424\u00a0761\u00a0419, num\u00e9ro de TVA intracommunautaire\u00a0: FR22424761419, repr\u00e9sent\u00e9e par son pr\u00e9sident, M. Michel PAULIN.<\/p><ul><li>T\u00e9l\u00e9phone\u00a0: 1007 (service client)<\/li><li>Site Internet\u00a0: <a href=\"https:\/\/www.ovhcloud.com\">https:\/\/www.ovhcloud.com<\/a><\/li><\/ul><div><h3 style=\"margin-top: 80px; font-family: var(--ff); color: #18181c;\">Cr\u00e9dits photographiques<\/h3><p>Les photos sur ce site proviennent de diff\u00e9rentes sources, mentionn\u00e9es dans chaque cas dessous\u00a0:<\/p><p><b>Produits\u00a0:<br \/><\/b><br \/>Hexadrone<\/p><p>Acecore<\/p><p>Anavia<\/p><p>L&rsquo;Avion Jaune<\/p><p>Frontier Precision<\/p><p>Production de drones MSDI et Bali<\/p><p>EverScan<\/p><p>Surveying Control Systems Ltda.<\/p><p>Sky Hely<\/p><p>Mirukuru<\/p><p>Quantum Systems<\/p><p>Velos Rotors Inc.<\/p><p>Hugo &amp; Clapas production<\/p><p>Artcam Production<\/p><p>David R.<\/p><p>Yuriy\u00a0 Bogdanov<\/p><p>David Alacaraz<\/p><p>Kalen Emsley<\/p><p>Nathan Anderson<\/p><p>Karsten Wurth<\/p><p>Maxence Remond<\/p><p><strong>Industries\u00a0:<br \/><\/strong><br \/>L&rsquo;Avion Jaune<\/p><p>AGeo<\/p><p>UVM<\/p><p>EverScan<\/p><p>Acecore<\/p><p>MSDI &amp; Bali Drone Production<\/p><p>Drone Expertise Centre<\/p><p>Ventus-Tech<\/p><p>Hugo &amp; Clapas production<\/p><p><span style=\"color: #18181c;\">Alex Kalinin<br \/><\/span><br style=\"color: #18181c;\" \/><span style=\"color: #18181c;\">Jaromir Kavan<br \/><\/span><br \/>Maxence Remond<\/p><p><strong>Clients\u00a0:<br \/><\/strong><br \/>CDGI<\/p><p>MSDI &amp; Bali Drone Production<\/p><p>Hugo &amp; Clapas production<\/p><p>Quantum Systems<\/p><p>Frontier Precision<\/p><p>Artcam Production<\/p><p><span style=\"color: #18181c;\">Chuttersnap<br \/><\/span><br style=\"color: #18181c;\" \/><span style=\"color: #18181c;\">Katie Moum<br \/><\/span><br style=\"color: #18181c;\" \/><span style=\"color: #18181c;\">Tom Fisk<br \/><\/span><\/p><p><strong style=\"color: #18181c;\">Ev\u00e9nements\u00a0:<br \/><\/strong><br style=\"color: #18181c;\" \/><span style=\"color: #18181c;\">Benjamin Davies<br \/><\/span><br style=\"color: #18181c;\" \/><span style=\"color: #18181c;\">Kate Krivanec<br \/><\/span><br style=\"color: #18181c;\" \/><span style=\"color: #18181c;\">Swapnil Bapat<br \/><\/span><br style=\"color: #18181c;\" \/><span style=\"color: #18181c;\">Charles-Adrien Fournier<br \/><\/span><br style=\"color: #18181c;\" \/><span style=\"color: #18181c;\">Agustin Diaz Gargiuloh<br \/><\/span><br style=\"color: #18181c;\" \/><span style=\"color: #18181c;\">Nolan Taft<br \/><\/span><br style=\"color: #18181c;\" \/><span style=\"color: #18181c;\">Maxence Remond<br \/><\/span><span style=\"color: #18181c;\"><br \/><\/span><\/p><\/div><h3>Contactez-nous<\/h3><p>Pour toute question ou information sur les produits pr\u00e9sent\u00e9s sur le site, ou concernant le site lui-m\u00eame, vous pouvez laisser un message \u00e0 l\u2019adresse suivante\u00a0: <a href=\"mailto:contact@yellowscan.com\">contact@yellowscan.com<\/a> ou au num\u00e9ro de t\u00e9l\u00e9phone suivant\u00a0: +33 (0) 4 11 93 14 00<\/p>\t\t\t\t\t\t\t\t<\/div>\n\t\t\t\t<\/div>\n\t\t\t\t\t<\/div>\n\t\t<\/div>\n\t\t\t\t\t<\/div>\n\t\t<\/section>\n\t\t\t\t<\/div>\n\t\t","protected":false},"excerpt":{"rendered":"<p>Mentions l\u00e9gales du site internet YELLOWSCAN Ce site internet\u00a0: https:\/\/www.yellowscan.com (ci-apr\u00e8s \u00ab\u00a0le Site\u00a0\u00bb) est produit par la soci\u00e9t\u00e9 YELLOWSCAN, soci\u00e9t\u00e9 par actions simplifi\u00e9e au capital de 157\u00a0342,00 euros, dont le si\u00e8ge social est situ\u00e9 525 Avenue Saint Sauveur du Pin, 34980, SAINT CL\u00c9MENT DE RIVI\u00c8RE, immatricul\u00e9e au Registre du Commerce et des Soci\u00e9t\u00e9s de Montpellier [&hellip;]<\/p>\n","protected":false},"author":1,"featured_media":0,"parent":0,"menu_order":57,"comment_status":"closed","ping_status":"closed","template":"tpl-policy.php","meta":{"_acf_changed":false,"content-type":"","footnotes":""},"categories":[],"class_list":["post-9319","page","type-page","status-publish","hentry"],"acf":[],"yoast_head":"<!-- This site is optimized with the Yoast SEO plugin v27.3 - https:\/\/yoast.com\/product\/yoast-seo-wordpress\/ -->\n<title>Mentions l\u00e9gales du site web de YellowScan<\/title>\n<meta name=\"robots\" content=\"index, follow, max-snippet:-1, max-image-preview:large, max-video-preview:-1\" \/>\n<link rel=\"canonical\" href=\"https:\/\/www.yellowscan.com\/fr\/legal-mentions\/\" \/>\n<meta property=\"og:locale\" content=\"fr_FR\" \/>\n<meta property=\"og:type\" content=\"article\" \/>\n<meta property=\"og:title\" content=\"Mentions l\u00e9gales du site web de YellowScan\" \/>\n<meta property=\"og:description\" content=\"Mentions l\u00e9gales du site internet YELLOWSCAN Ce site internet\u00a0: https:\/\/www.yellowscan.com (ci-apr\u00e8s \u00ab\u00a0le Site\u00a0\u00bb) est produit par la soci\u00e9t\u00e9 YELLOWSCAN, soci\u00e9t\u00e9 par actions simplifi\u00e9e au capital de 157\u00a0342,00 euros, dont le si\u00e8ge social est situ\u00e9 525 Avenue Saint Sauveur du Pin, 34980, SAINT CL\u00c9MENT DE RIVI\u00c8RE, immatricul\u00e9e au Registre du Commerce et des Soci\u00e9t\u00e9s de Montpellier [&hellip;]\" \/>\n<meta property=\"og:url\" content=\"https:\/\/www.yellowscan.com\/fr\/legal-mentions\/\" \/>\n<meta property=\"og:site_name\" content=\"YellowScan\" \/>\n<meta property=\"article:modified_time\" content=\"2026-03-11T11:14:59+00:00\" \/>\n<meta name=\"twitter:card\" content=\"summary_large_image\" \/>\n<meta name=\"twitter:label1\" content=\"Dur\u00e9e de lecture estim\u00e9e\" \/>\n\t<meta name=\"twitter:data1\" content=\"3 minutes\" \/>\n<script type=\"application\/ld+json\" class=\"yoast-schema-graph\">{\"@context\":\"https:\\\/\\\/schema.org\",\"@graph\":[{\"@type\":\"WebPage\",\"@id\":\"https:\\\/\\\/www.yellowscan.com\\\/fr\\\/legal-mentions\\\/\",\"url\":\"https:\\\/\\\/www.yellowscan.com\\\/fr\\\/legal-mentions\\\/\",\"name\":\"Mentions l\u00e9gales du site web de YellowScan\",\"isPartOf\":{\"@id\":\"https:\\\/\\\/www.yellowscan.com\\\/fr\\\/#website\"},\"datePublished\":\"2023-03-09T15:54:37+00:00\",\"dateModified\":\"2026-03-11T11:14:59+00:00\",\"breadcrumb\":{\"@id\":\"https:\\\/\\\/www.yellowscan.com\\\/fr\\\/legal-mentions\\\/#breadcrumb\"},\"inLanguage\":\"fr-FR\",\"potentialAction\":[{\"@type\":\"ReadAction\",\"target\":[\"https:\\\/\\\/www.yellowscan.com\\\/fr\\\/legal-mentions\\\/\"]}]},{\"@type\":\"BreadcrumbList\",\"@id\":\"https:\\\/\\\/www.yellowscan.com\\\/fr\\\/legal-mentions\\\/#breadcrumb\",\"itemListElement\":[{\"@type\":\"ListItem\",\"position\":1,\"name\":\"Home\",\"item\":\"https:\\\/\\\/www.yellowscan.com\\\/fr\\\/\"},{\"@type\":\"ListItem\",\"position\":2,\"name\":\"Mentions l\u00e9gales\"}]},{\"@type\":\"WebSite\",\"@id\":\"https:\\\/\\\/www.yellowscan.com\\\/fr\\\/#website\",\"url\":\"https:\\\/\\\/www.yellowscan.com\\\/fr\\\/\",\"name\":\"YellowScan\",\"description\":\"Reliable UAV LiDAR systems for Drone 3D laser mapping\",\"potentialAction\":[{\"@type\":\"SearchAction\",\"target\":{\"@type\":\"EntryPoint\",\"urlTemplate\":\"https:\\\/\\\/www.yellowscan.com\\\/fr\\\/?s={search_term_string}\"},\"query-input\":{\"@type\":\"PropertyValueSpecification\",\"valueRequired\":true,\"valueName\":\"search_term_string\"}}],\"inLanguage\":\"fr-FR\"}]}<\/script>\n<!-- \/ Yoast SEO plugin. -->","yoast_head_json":{"title":"Mentions l\u00e9gales du site web de YellowScan","robots":{"index":"index","follow":"follow","max-snippet":"max-snippet:-1","max-image-preview":"max-image-preview:large","max-video-preview":"max-video-preview:-1"},"canonical":"https:\/\/www.yellowscan.com\/fr\/legal-mentions\/","og_locale":"fr_FR","og_type":"article","og_title":"Mentions l\u00e9gales du site web de YellowScan","og_description":"Mentions l\u00e9gales du site internet YELLOWSCAN Ce site internet\u00a0: https:\/\/www.yellowscan.com (ci-apr\u00e8s \u00ab\u00a0le Site\u00a0\u00bb) est produit par la soci\u00e9t\u00e9 YELLOWSCAN, soci\u00e9t\u00e9 par actions simplifi\u00e9e au capital de 157\u00a0342,00 euros, dont le si\u00e8ge social est situ\u00e9 525 Avenue Saint Sauveur du Pin, 34980, SAINT CL\u00c9MENT DE RIVI\u00c8RE, immatricul\u00e9e au Registre du Commerce et des Soci\u00e9t\u00e9s de Montpellier [&hellip;]","og_url":"https:\/\/www.yellowscan.com\/fr\/legal-mentions\/","og_site_name":"YellowScan","article_modified_time":"2026-03-11T11:14:59+00:00","twitter_card":"summary_large_image","twitter_misc":{"Dur\u00e9e de lecture estim\u00e9e":"3 minutes"},"schema":{"@context":"https:\/\/schema.org","@graph":[{"@type":"WebPage","@id":"https:\/\/www.yellowscan.com\/fr\/legal-mentions\/","url":"https:\/\/www.yellowscan.com\/fr\/legal-mentions\/","name":"Mentions l\u00e9gales du site web de YellowScan","isPartOf":{"@id":"https:\/\/www.yellowscan.com\/fr\/#website"},"datePublished":"2023-03-09T15:54:37+00:00","dateModified":"2026-03-11T11:14:59+00:00","breadcrumb":{"@id":"https:\/\/www.yellowscan.com\/fr\/legal-mentions\/#breadcrumb"},"inLanguage":"fr-FR","potentialAction":[{"@type":"ReadAction","target":["https:\/\/www.yellowscan.com\/fr\/legal-mentions\/"]}]},{"@type":"BreadcrumbList","@id":"https:\/\/www.yellowscan.com\/fr\/legal-mentions\/#breadcrumb","itemListElement":[{"@type":"ListItem","position":1,"name":"Home","item":"https:\/\/www.yellowscan.com\/fr\/"},{"@type":"ListItem","position":2,"name":"Mentions l\u00e9gales"}]},{"@type":"WebSite","@id":"https:\/\/www.yellowscan.com\/fr\/#website","url":"https:\/\/www.yellowscan.com\/fr\/","name":"YellowScan","description":"Reliable UAV LiDAR systems for Drone 3D laser mapping","potentialAction":[{"@type":"SearchAction","target":{"@type":"EntryPoint","urlTemplate":"https:\/\/www.yellowscan.com\/fr\/?s={search_term_string}"},"query-input":{"@type":"PropertyValueSpecification","valueRequired":true,"valueName":"search_term_string"}}],"inLanguage":"fr-FR"}]}},"_links":{"self":[{"href":"https:\/\/www.yellowscan.com\/fr\/wp-json\/wp\/v2\/pages\/9319","targetHints":{"allow":["GET"]}}],"collection":[{"href":"https:\/\/www.yellowscan.com\/fr\/wp-json\/wp\/v2\/pages"}],"about":[{"href":"https:\/\/www.yellowscan.com\/fr\/wp-json\/wp\/v2\/types\/page"}],"author":[{"embeddable":true,"href":"https:\/\/www.yellowscan.com\/fr\/wp-json\/wp\/v2\/users\/1"}],"replies":[{"embeddable":true,"href":"https:\/\/www.yellowscan.com\/fr\/wp-json\/wp\/v2\/comments?post=9319"}],"version-history":[{"count":8,"href":"https:\/\/www.yellowscan.com\/fr\/wp-json\/wp\/v2\/pages\/9319\/revisions"}],"predecessor-version":[{"id":26523,"href":"https:\/\/www.yellowscan.com\/fr\/wp-json\/wp\/v2\/pages\/9319\/revisions\/26523"}],"wp:attachment":[{"href":"https:\/\/www.yellowscan.com\/fr\/wp-json\/wp\/v2\/media?parent=9319"}],"wp:term":[{"taxonomy":"category","embeddable":true,"href":"https:\/\/www.yellowscan.com\/fr\/wp-json\/wp\/v2\/categories?post=9319"}],"curies":[{"name":"wp","href":"https:\/\/api.w.org\/{rel}","templated":true}]}}