{"id":9444,"date":"2022-05-12T12:35:27","date_gmt":"2022-05-12T10:35:27","guid":{"rendered":"https:\/\/www.yellowscan.com\/press-news-2\/"},"modified":"2025-05-28T17:55:12","modified_gmt":"2025-05-28T15:55:12","slug":"press-news","status":"publish","type":"page","link":"https:\/\/www.yellowscan.com\/fr\/press-news\/","title":{"rendered":"Presse &#038; actualit\u00e9s"},"content":{"rendered":"","protected":false},"excerpt":{"rendered":"","protected":false},"author":1,"featured_media":3267,"parent":0,"menu_order":26,"comment_status":"closed","ping_status":"closed","template":"tpl-news.php","meta":{"_acf_changed":false,"content-type":"","footnotes":""},"categories":[82],"class_list":["post-9444","page","type-page","status-publish","has-post-thumbnail","hentry","category-about"],"acf":[],"yoast_head":"<!-- This site is optimized with the Yoast SEO plugin v27.3 - https:\/\/yoast.com\/product\/yoast-seo-wordpress\/ -->\n<title>Presse &amp; Actualit\u00e9s : Nouveaut\u00e9s LiDAR 3D | YellowScan<\/title>\n<meta name=\"description\" content=\"Presse et actualit\u00e9s : D\u00e9couvrez les nouveaut\u00e9s de YellowScan.\" \/>\n<meta name=\"robots\" content=\"index, follow, max-snippet:-1, max-image-preview:large, max-video-preview:-1\" \/>\n<link rel=\"canonical\" href=\"https:\/\/www.yellowscan.com\/fr\/press-news\/\" \/>\n<meta property=\"og:locale\" content=\"fr_FR\" \/>\n<meta property=\"og:type\" content=\"article\" \/>\n<meta property=\"og:title\" content=\"Presse &amp; Actualit\u00e9s : Nouveaut\u00e9s LiDAR 3D | YellowScan\" \/>\n<meta property=\"og:description\" content=\"Presse et actualit\u00e9s : D\u00e9couvrez les nouveaut\u00e9s de YellowScan.\" \/>\n<meta property=\"og:url\" content=\"https:\/\/www.yellowscan.com\/fr\/press-news\/\" \/>\n<meta property=\"og:site_name\" content=\"YellowScan\" \/>\n<meta property=\"article:modified_time\" content=\"2025-05-28T15:55:12+00:00\" \/>\n<meta property=\"og:image\" content=\"https:\/\/www.yellowscan.com\/wp-content\/uploads\/2022\/10\/ys_website_banner_thumbnail_news.jpg\" \/>\n\t<meta property=\"og:image:width\" content=\"600\" \/>\n\t<meta property=\"og:image:height\" content=\"600\" \/>\n\t<meta property=\"og:image:type\" content=\"image\/jpeg\" \/>\n<meta name=\"twitter:card\" content=\"summary_large_image\" \/>\n<meta name=\"twitter:label1\" content=\"Dur\u00e9e de lecture estim\u00e9e\" \/>\n\t<meta name=\"twitter:data1\" content=\"1 minute\" \/>\n<script type=\"application\/ld+json\" class=\"yoast-schema-graph\">{\"@context\":\"https:\\\/\\\/schema.org\",\"@graph\":[{\"@type\":\"WebPage\",\"@id\":\"https:\\\/\\\/www.yellowscan.com\\\/fr\\\/press-news\\\/\",\"url\":\"https:\\\/\\\/www.yellowscan.com\\\/fr\\\/press-news\\\/\",\"name\":\"Presse & Actualit\u00e9s : Nouveaut\u00e9s LiDAR 3D | YellowScan\",\"isPartOf\":{\"@id\":\"https:\\\/\\\/www.yellowscan.com\\\/fr\\\/#website\"},\"primaryImageOfPage\":{\"@id\":\"https:\\\/\\\/www.yellowscan.com\\\/fr\\\/press-news\\\/#primaryimage\"},\"image\":{\"@id\":\"https:\\\/\\\/www.yellowscan.com\\\/fr\\\/press-news\\\/#primaryimage\"},\"thumbnailUrl\":\"https:\\\/\\\/www.yellowscan.com\\\/wp-content\\\/uploads\\\/2022\\\/10\\\/ys_website_banner_thumbnail_news.jpg\",\"datePublished\":\"2022-05-12T10:35:27+00:00\",\"dateModified\":\"2025-05-28T15:55:12+00:00\",\"description\":\"Presse et actualit\u00e9s : D\u00e9couvrez les nouveaut\u00e9s de YellowScan.\",\"breadcrumb\":{\"@id\":\"https:\\\/\\\/www.yellowscan.com\\\/fr\\\/press-news\\\/#breadcrumb\"},\"inLanguage\":\"fr-FR\",\"potentialAction\":[{\"@type\":\"ReadAction\",\"target\":[\"https:\\\/\\\/www.yellowscan.com\\\/fr\\\/press-news\\\/\"]}]},{\"@type\":\"ImageObject\",\"inLanguage\":\"fr-FR\",\"@id\":\"https:\\\/\\\/www.yellowscan.com\\\/fr\\\/press-news\\\/#primaryimage\",\"url\":\"https:\\\/\\\/www.yellowscan.com\\\/wp-content\\\/uploads\\\/2022\\\/10\\\/ys_website_banner_thumbnail_news.jpg\",\"contentUrl\":\"https:\\\/\\\/www.yellowscan.com\\\/wp-content\\\/uploads\\\/2022\\\/10\\\/ys_website_banner_thumbnail_news.jpg\",\"width\":600,\"height\":600},{\"@type\":\"BreadcrumbList\",\"@id\":\"https:\\\/\\\/www.yellowscan.com\\\/fr\\\/press-news\\\/#breadcrumb\",\"itemListElement\":[{\"@type\":\"ListItem\",\"position\":1,\"name\":\"Home\",\"item\":\"https:\\\/\\\/www.yellowscan.com\\\/fr\\\/\"},{\"@type\":\"ListItem\",\"position\":2,\"name\":\"Presse &#038; actualit\u00e9s\"}]},{\"@type\":\"WebSite\",\"@id\":\"https:\\\/\\\/www.yellowscan.com\\\/fr\\\/#website\",\"url\":\"https:\\\/\\\/www.yellowscan.com\\\/fr\\\/\",\"name\":\"YellowScan\",\"description\":\"Reliable UAV LiDAR systems for Drone 3D laser mapping\",\"potentialAction\":[{\"@type\":\"SearchAction\",\"target\":{\"@type\":\"EntryPoint\",\"urlTemplate\":\"https:\\\/\\\/www.yellowscan.com\\\/fr\\\/?s={search_term_string}\"},\"query-input\":{\"@type\":\"PropertyValueSpecification\",\"valueRequired\":true,\"valueName\":\"search_term_string\"}}],\"inLanguage\":\"fr-FR\"}]}<\/script>\n<!-- \/ Yoast SEO plugin. -->","yoast_head_json":{"title":"Presse & Actualit\u00e9s : Nouveaut\u00e9s LiDAR 3D | YellowScan","description":"Presse et actualit\u00e9s : D\u00e9couvrez les nouveaut\u00e9s de YellowScan.","robots":{"index":"index","follow":"follow","max-snippet":"max-snippet:-1","max-image-preview":"max-image-preview:large","max-video-preview":"max-video-preview:-1"},"canonical":"https:\/\/www.yellowscan.com\/fr\/press-news\/","og_locale":"fr_FR","og_type":"article","og_title":"Presse & Actualit\u00e9s : Nouveaut\u00e9s LiDAR 3D | YellowScan","og_description":"Presse et actualit\u00e9s : D\u00e9couvrez les nouveaut\u00e9s de YellowScan.","og_url":"https:\/\/www.yellowscan.com\/fr\/press-news\/","og_site_name":"YellowScan","article_modified_time":"2025-05-28T15:55:12+00:00","og_image":[{"width":600,"height":600,"url":"https:\/\/www.yellowscan.com\/wp-content\/uploads\/2022\/10\/ys_website_banner_thumbnail_news.jpg","type":"image\/jpeg"}],"twitter_card":"summary_large_image","twitter_misc":{"Dur\u00e9e de lecture estim\u00e9e":"1 minute"},"schema":{"@context":"https:\/\/schema.org","@graph":[{"@type":"WebPage","@id":"https:\/\/www.yellowscan.com\/fr\/press-news\/","url":"https:\/\/www.yellowscan.com\/fr\/press-news\/","name":"Presse & Actualit\u00e9s : Nouveaut\u00e9s LiDAR 3D | YellowScan","isPartOf":{"@id":"https:\/\/www.yellowscan.com\/fr\/#website"},"primaryImageOfPage":{"@id":"https:\/\/www.yellowscan.com\/fr\/press-news\/#primaryimage"},"image":{"@id":"https:\/\/www.yellowscan.com\/fr\/press-news\/#primaryimage"},"thumbnailUrl":"https:\/\/www.yellowscan.com\/wp-content\/uploads\/2022\/10\/ys_website_banner_thumbnail_news.jpg","datePublished":"2022-05-12T10:35:27+00:00","dateModified":"2025-05-28T15:55:12+00:00","description":"Presse et actualit\u00e9s : D\u00e9couvrez les nouveaut\u00e9s de YellowScan.","breadcrumb":{"@id":"https:\/\/www.yellowscan.com\/fr\/press-news\/#breadcrumb"},"inLanguage":"fr-FR","potentialAction":[{"@type":"ReadAction","target":["https:\/\/www.yellowscan.com\/fr\/press-news\/"]}]},{"@type":"ImageObject","inLanguage":"fr-FR","@id":"https:\/\/www.yellowscan.com\/fr\/press-news\/#primaryimage","url":"https:\/\/www.yellowscan.com\/wp-content\/uploads\/2022\/10\/ys_website_banner_thumbnail_news.jpg","contentUrl":"https:\/\/www.yellowscan.com\/wp-content\/uploads\/2022\/10\/ys_website_banner_thumbnail_news.jpg","width":600,"height":600},{"@type":"BreadcrumbList","@id":"https:\/\/www.yellowscan.com\/fr\/press-news\/#breadcrumb","itemListElement":[{"@type":"ListItem","position":1,"name":"Home","item":"https:\/\/www.yellowscan.com\/fr\/"},{"@type":"ListItem","position":2,"name":"Presse &#038; actualit\u00e9s"}]},{"@type":"WebSite","@id":"https:\/\/www.yellowscan.com\/fr\/#website","url":"https:\/\/www.yellowscan.com\/fr\/","name":"YellowScan","description":"Reliable UAV LiDAR systems for Drone 3D laser mapping","potentialAction":[{"@type":"SearchAction","target":{"@type":"EntryPoint","urlTemplate":"https:\/\/www.yellowscan.com\/fr\/?s={search_term_string}"},"query-input":{"@type":"PropertyValueSpecification","valueRequired":true,"valueName":"search_term_string"}}],"inLanguage":"fr-FR"}]}},"_links":{"self":[{"href":"https:\/\/www.yellowscan.com\/fr\/wp-json\/wp\/v2\/pages\/9444","targetHints":{"allow":["GET"]}}],"collection":[{"href":"https:\/\/www.yellowscan.com\/fr\/wp-json\/wp\/v2\/pages"}],"about":[{"href":"https:\/\/www.yellowscan.com\/fr\/wp-json\/wp\/v2\/types\/page"}],"author":[{"embeddable":true,"href":"https:\/\/www.yellowscan.com\/fr\/wp-json\/wp\/v2\/users\/1"}],"replies":[{"embeddable":true,"href":"https:\/\/www.yellowscan.com\/fr\/wp-json\/wp\/v2\/comments?post=9444"}],"version-history":[{"count":4,"href":"https:\/\/www.yellowscan.com\/fr\/wp-json\/wp\/v2\/pages\/9444\/revisions"}],"predecessor-version":[{"id":23403,"href":"https:\/\/www.yellowscan.com\/fr\/wp-json\/wp\/v2\/pages\/9444\/revisions\/23403"}],"wp:featuredmedia":[{"embeddable":true,"href":"https:\/\/www.yellowscan.com\/fr\/wp-json\/wp\/v2\/media\/3267"}],"wp:attachment":[{"href":"https:\/\/www.yellowscan.com\/fr\/wp-json\/wp\/v2\/media?parent=9444"}],"wp:term":[{"taxonomy":"category","embeddable":true,"href":"https:\/\/www.yellowscan.com\/fr\/wp-json\/wp\/v2\/categories?post=9444"}],"curies":[{"name":"wp","href":"https:\/\/api.w.org\/{rel}","templated":true}]}}