{"id":9450,"date":"2022-05-12T12:00:19","date_gmt":"2022-05-12T10:00:19","guid":{"rendered":"https:\/\/www.yellowscan.com\/connaissances\/"},"modified":"2025-09-05T08:11:45","modified_gmt":"2025-09-05T06:11:45","slug":"knowledge","status":"publish","type":"page","link":"https:\/\/www.yellowscan.com\/fr\/knowledge\/","title":{"rendered":"Centre de connaissances et de ressources LiDAR de YellowScan"},"content":{"rendered":"","protected":false},"excerpt":{"rendered":"","protected":false},"author":1,"featured_media":3265,"parent":0,"menu_order":36,"comment_status":"closed","ping_status":"closed","template":"tpl-knowledge.php","meta":{"_acf_changed":false,"content-type":"","footnotes":""},"categories":[83],"class_list":["post-9450","page","type-page","status-publish","has-post-thumbnail","hentry","category-experience"],"acf":[],"yoast_head":"<!-- This site is optimized with the Yoast SEO plugin v27.3 - https:\/\/yoast.com\/product\/yoast-seo-wordpress\/ -->\n<title>Centre de connaissances et de ressources LiDAR de YellowScan<\/title>\n<meta name=\"description\" content=\"D\u00e9couvrez les technologies \u00e0 venir, lisez des articles d\u00e9taill\u00e9s sur diff\u00e9rents sujets li\u00e9s au LIDAR, participez \u00e0 des recherches ou plongez dans notre banque de connaissances compl\u00e8te sur la cartographie LiDAR.\" \/>\n<meta name=\"robots\" content=\"index, follow, max-snippet:-1, max-image-preview:large, max-video-preview:-1\" \/>\n<link rel=\"canonical\" href=\"https:\/\/www.yellowscan.com\/fr\/knowledge\/\" \/>\n<meta property=\"og:locale\" content=\"fr_FR\" \/>\n<meta property=\"og:type\" content=\"article\" \/>\n<meta property=\"og:title\" content=\"Centre de connaissances et de ressources LiDAR de YellowScan\" \/>\n<meta property=\"og:description\" content=\"D\u00e9couvrez les technologies \u00e0 venir, lisez des articles d\u00e9taill\u00e9s sur diff\u00e9rents sujets li\u00e9s au LIDAR, participez \u00e0 des recherches ou plongez dans notre banque de connaissances compl\u00e8te sur la cartographie LiDAR.\" \/>\n<meta property=\"og:url\" content=\"https:\/\/www.yellowscan.com\/fr\/knowledge\/\" \/>\n<meta property=\"og:site_name\" content=\"YellowScan\" \/>\n<meta property=\"article:modified_time\" content=\"2025-09-05T06:11:45+00:00\" \/>\n<meta property=\"og:image\" content=\"https:\/\/www.yellowscan.com\/wp-content\/uploads\/2022\/10\/ys_website_banner_thumbnail_knowledges.jpg\" \/>\n\t<meta property=\"og:image:width\" content=\"600\" \/>\n\t<meta property=\"og:image:height\" content=\"600\" \/>\n\t<meta property=\"og:image:type\" content=\"image\/jpeg\" \/>\n<meta name=\"twitter:card\" content=\"summary_large_image\" \/>\n<meta name=\"twitter:label1\" content=\"Dur\u00e9e de lecture estim\u00e9e\" \/>\n\t<meta name=\"twitter:data1\" content=\"1 minute\" \/>\n<script type=\"application\/ld+json\" class=\"yoast-schema-graph\">{\"@context\":\"https:\\\/\\\/schema.org\",\"@graph\":[{\"@type\":\"WebPage\",\"@id\":\"https:\\\/\\\/www.yellowscan.com\\\/fr\\\/knowledge\\\/\",\"url\":\"https:\\\/\\\/www.yellowscan.com\\\/fr\\\/knowledge\\\/\",\"name\":\"Centre de connaissances et de ressources LiDAR de YellowScan\",\"isPartOf\":{\"@id\":\"https:\\\/\\\/www.yellowscan.com\\\/fr\\\/#website\"},\"primaryImageOfPage\":{\"@id\":\"https:\\\/\\\/www.yellowscan.com\\\/fr\\\/knowledge\\\/#primaryimage\"},\"image\":{\"@id\":\"https:\\\/\\\/www.yellowscan.com\\\/fr\\\/knowledge\\\/#primaryimage\"},\"thumbnailUrl\":\"https:\\\/\\\/www.yellowscan.com\\\/wp-content\\\/uploads\\\/2022\\\/10\\\/ys_website_banner_thumbnail_knowledges.jpg\",\"datePublished\":\"2022-05-12T10:00:19+00:00\",\"dateModified\":\"2025-09-05T06:11:45+00:00\",\"description\":\"D\u00e9couvrez les technologies \u00e0 venir, lisez des articles d\u00e9taill\u00e9s sur diff\u00e9rents sujets li\u00e9s au LIDAR, participez \u00e0 des recherches ou plongez dans notre banque de connaissances compl\u00e8te sur la cartographie LiDAR.\",\"breadcrumb\":{\"@id\":\"https:\\\/\\\/www.yellowscan.com\\\/fr\\\/knowledge\\\/#breadcrumb\"},\"inLanguage\":\"fr-FR\",\"potentialAction\":[{\"@type\":\"ReadAction\",\"target\":[\"https:\\\/\\\/www.yellowscan.com\\\/fr\\\/knowledge\\\/\"]}]},{\"@type\":\"ImageObject\",\"inLanguage\":\"fr-FR\",\"@id\":\"https:\\\/\\\/www.yellowscan.com\\\/fr\\\/knowledge\\\/#primaryimage\",\"url\":\"https:\\\/\\\/www.yellowscan.com\\\/wp-content\\\/uploads\\\/2022\\\/10\\\/ys_website_banner_thumbnail_knowledges.jpg\",\"contentUrl\":\"https:\\\/\\\/www.yellowscan.com\\\/wp-content\\\/uploads\\\/2022\\\/10\\\/ys_website_banner_thumbnail_knowledges.jpg\",\"width\":600,\"height\":600},{\"@type\":\"BreadcrumbList\",\"@id\":\"https:\\\/\\\/www.yellowscan.com\\\/fr\\\/knowledge\\\/#breadcrumb\",\"itemListElement\":[{\"@type\":\"ListItem\",\"position\":1,\"name\":\"Home\",\"item\":\"https:\\\/\\\/www.yellowscan.com\\\/fr\\\/\"},{\"@type\":\"ListItem\",\"position\":2,\"name\":\"Centre de connaissances et de ressources LiDAR de YellowScan\"}]},{\"@type\":\"WebSite\",\"@id\":\"https:\\\/\\\/www.yellowscan.com\\\/fr\\\/#website\",\"url\":\"https:\\\/\\\/www.yellowscan.com\\\/fr\\\/\",\"name\":\"YellowScan\",\"description\":\"Reliable UAV LiDAR systems for Drone 3D laser mapping\",\"potentialAction\":[{\"@type\":\"SearchAction\",\"target\":{\"@type\":\"EntryPoint\",\"urlTemplate\":\"https:\\\/\\\/www.yellowscan.com\\\/fr\\\/?s={search_term_string}\"},\"query-input\":{\"@type\":\"PropertyValueSpecification\",\"valueRequired\":true,\"valueName\":\"search_term_string\"}}],\"inLanguage\":\"fr-FR\"}]}<\/script>\n<!-- \/ Yoast SEO plugin. -->","yoast_head_json":{"title":"Centre de connaissances et de ressources LiDAR de YellowScan","description":"D\u00e9couvrez les technologies \u00e0 venir, lisez des articles d\u00e9taill\u00e9s sur diff\u00e9rents sujets li\u00e9s au LIDAR, participez \u00e0 des recherches ou plongez dans notre banque de connaissances compl\u00e8te sur la cartographie LiDAR.","robots":{"index":"index","follow":"follow","max-snippet":"max-snippet:-1","max-image-preview":"max-image-preview:large","max-video-preview":"max-video-preview:-1"},"canonical":"https:\/\/www.yellowscan.com\/fr\/knowledge\/","og_locale":"fr_FR","og_type":"article","og_title":"Centre de connaissances et de ressources LiDAR de YellowScan","og_description":"D\u00e9couvrez les technologies \u00e0 venir, lisez des articles d\u00e9taill\u00e9s sur diff\u00e9rents sujets li\u00e9s au LIDAR, participez \u00e0 des recherches ou plongez dans notre banque de connaissances compl\u00e8te sur la cartographie LiDAR.","og_url":"https:\/\/www.yellowscan.com\/fr\/knowledge\/","og_site_name":"YellowScan","article_modified_time":"2025-09-05T06:11:45+00:00","og_image":[{"width":600,"height":600,"url":"https:\/\/www.yellowscan.com\/wp-content\/uploads\/2022\/10\/ys_website_banner_thumbnail_knowledges.jpg","type":"image\/jpeg"}],"twitter_card":"summary_large_image","twitter_misc":{"Dur\u00e9e de lecture estim\u00e9e":"1 minute"},"schema":{"@context":"https:\/\/schema.org","@graph":[{"@type":"WebPage","@id":"https:\/\/www.yellowscan.com\/fr\/knowledge\/","url":"https:\/\/www.yellowscan.com\/fr\/knowledge\/","name":"Centre de connaissances et de ressources LiDAR de YellowScan","isPartOf":{"@id":"https:\/\/www.yellowscan.com\/fr\/#website"},"primaryImageOfPage":{"@id":"https:\/\/www.yellowscan.com\/fr\/knowledge\/#primaryimage"},"image":{"@id":"https:\/\/www.yellowscan.com\/fr\/knowledge\/#primaryimage"},"thumbnailUrl":"https:\/\/www.yellowscan.com\/wp-content\/uploads\/2022\/10\/ys_website_banner_thumbnail_knowledges.jpg","datePublished":"2022-05-12T10:00:19+00:00","dateModified":"2025-09-05T06:11:45+00:00","description":"D\u00e9couvrez les technologies \u00e0 venir, lisez des articles d\u00e9taill\u00e9s sur diff\u00e9rents sujets li\u00e9s au LIDAR, participez \u00e0 des recherches ou plongez dans notre banque de connaissances compl\u00e8te sur la cartographie LiDAR.","breadcrumb":{"@id":"https:\/\/www.yellowscan.com\/fr\/knowledge\/#breadcrumb"},"inLanguage":"fr-FR","potentialAction":[{"@type":"ReadAction","target":["https:\/\/www.yellowscan.com\/fr\/knowledge\/"]}]},{"@type":"ImageObject","inLanguage":"fr-FR","@id":"https:\/\/www.yellowscan.com\/fr\/knowledge\/#primaryimage","url":"https:\/\/www.yellowscan.com\/wp-content\/uploads\/2022\/10\/ys_website_banner_thumbnail_knowledges.jpg","contentUrl":"https:\/\/www.yellowscan.com\/wp-content\/uploads\/2022\/10\/ys_website_banner_thumbnail_knowledges.jpg","width":600,"height":600},{"@type":"BreadcrumbList","@id":"https:\/\/www.yellowscan.com\/fr\/knowledge\/#breadcrumb","itemListElement":[{"@type":"ListItem","position":1,"name":"Home","item":"https:\/\/www.yellowscan.com\/fr\/"},{"@type":"ListItem","position":2,"name":"Centre de connaissances et de ressources LiDAR de YellowScan"}]},{"@type":"WebSite","@id":"https:\/\/www.yellowscan.com\/fr\/#website","url":"https:\/\/www.yellowscan.com\/fr\/","name":"YellowScan","description":"Reliable UAV LiDAR systems for Drone 3D laser mapping","potentialAction":[{"@type":"SearchAction","target":{"@type":"EntryPoint","urlTemplate":"https:\/\/www.yellowscan.com\/fr\/?s={search_term_string}"},"query-input":{"@type":"PropertyValueSpecification","valueRequired":true,"valueName":"search_term_string"}}],"inLanguage":"fr-FR"}]}},"_links":{"self":[{"href":"https:\/\/www.yellowscan.com\/fr\/wp-json\/wp\/v2\/pages\/9450","targetHints":{"allow":["GET"]}}],"collection":[{"href":"https:\/\/www.yellowscan.com\/fr\/wp-json\/wp\/v2\/pages"}],"about":[{"href":"https:\/\/www.yellowscan.com\/fr\/wp-json\/wp\/v2\/types\/page"}],"author":[{"embeddable":true,"href":"https:\/\/www.yellowscan.com\/fr\/wp-json\/wp\/v2\/users\/1"}],"replies":[{"embeddable":true,"href":"https:\/\/www.yellowscan.com\/fr\/wp-json\/wp\/v2\/comments?post=9450"}],"version-history":[{"count":9,"href":"https:\/\/www.yellowscan.com\/fr\/wp-json\/wp\/v2\/pages\/9450\/revisions"}],"predecessor-version":[{"id":24517,"href":"https:\/\/www.yellowscan.com\/fr\/wp-json\/wp\/v2\/pages\/9450\/revisions\/24517"}],"wp:featuredmedia":[{"embeddable":true,"href":"https:\/\/www.yellowscan.com\/fr\/wp-json\/wp\/v2\/media\/3265"}],"wp:attachment":[{"href":"https:\/\/www.yellowscan.com\/fr\/wp-json\/wp\/v2\/media?parent=9450"}],"wp:term":[{"taxonomy":"category","embeddable":true,"href":"https:\/\/www.yellowscan.com\/fr\/wp-json\/wp\/v2\/categories?post=9450"}],"curies":[{"name":"wp","href":"https:\/\/api.w.org\/{rel}","templated":true}]}}